{"id":601,"date":"2024-02-08T08:11:56","date_gmt":"2024-02-08T08:11:56","guid":{"rendered":"https:\/\/www.campeggiolafinoria.it\/datenschutzbestimmungen\/"},"modified":"2024-02-19T12:24:12","modified_gmt":"2024-02-19T12:24:12","slug":"datenschutzbestimmungen","status":"publish","type":"page","link":"https:\/\/www.campeggiolafinoria.it\/de\/datenschutzbestimmungen\/","title":{"rendered":"Datenschutzbestimmungen"},"content":{"rendered":"\t\t<div data-elementor-type=\"wp-page\" data-elementor-id=\"601\" class=\"elementor elementor-601 elementor-3\" data-elementor-post-type=\"page\">\n\t\t\t\t<div class=\"elementor-element elementor-element-6ad0e49 e-flex e-con-boxed e-con e-parent\" data-id=\"6ad0e49\" data-element_type=\"container\" data-e-type=\"container\">\n\t\t\t\t\t<div class=\"e-con-inner\">\n\t\t\t\t<div class=\"elementor-element elementor-element-b1a923e elementor-widget elementor-widget-heading\" data-id=\"b1a923e\" data-element_type=\"widget\" data-e-type=\"widget\" data-widget_type=\"heading.default\">\n\t\t\t\t<div class=\"elementor-widget-container\">\n\t\t\t\t\t<h1 class=\"elementor-heading-title elementor-size-default\">Datenschutzbestimmungen<\/h1>\t\t\t\t<\/div>\n\t\t\t\t<\/div>\n\t\t\t\t\t<\/div>\n\t\t\t\t<\/div>\n\t\t<div class=\"elementor-element elementor-element-6d2caac2 e-flex e-con-boxed e-con e-parent\" data-id=\"6d2caac2\" data-element_type=\"container\" data-e-type=\"container\">\n\t\t\t\t\t<div class=\"e-con-inner\">\n\t\t\t\t<div class=\"elementor-element elementor-element-2ae90b39 elementor-widget elementor-widget-text-editor\" data-id=\"2ae90b39\" data-element_type=\"widget\" data-e-type=\"widget\" data-widget_type=\"text-editor.default\">\n\t\t\t\t<div class=\"elementor-widget-container\">\n\t\t\t\t\t\t\t\t\t<p><\/p>\n<h3 class=\"heading-4 text-uppercase pb30\">Erweiterte Datenschutzrichtlinie<\/h3>\n<div class=\"paragraph-1\">\n<p><strong>Datenschutz &#8211; Informationen<\/strong><\/p>\n<p>In \u00dcbereinstimmung mit den Verpflichtungen, die sich aus der nationalen Gesetzgebung (Gesetzesdekret Nr. 196 vom 30. Juni 2003, Datenschutzkodex) und der Gemeinschaftsgesetzgebung (Europ\u00e4ische Datenschutzverordnung Nr. 679\/2016, GDPR) und den nachfolgenden \u00c4nderungen ergeben, werden auf dieser Seite die Methoden beschrieben, die zur Verwaltung der Website www.campeggiolafinoria.it (im Folgenden auch als &#8222;Website&#8220; bezeichnet) in Bezug auf die Verarbeitung der personenbezogenen Daten der sie konsultierenden Nutzer verwendet werden.<\/p>\n<p>Diese Informationen werden denjenigen zur Verf\u00fcgung gestellt, die mit den \u00fcber die Adresse www.campeggiolafinoria.it telematisch zug\u00e4nglichen Webdiensten (nachstehend &#8222;Website&#8220; genannt) interagieren, und zwar ebenfalls gem\u00e4\u00df den Artikeln 13 und 14 der Verordnung (EG) Nr. 259\/1999. EU 2016\/679 (Europ\u00e4ische Datenschutzverordnung) zum Schutz von personenbezogenen Daten.<\/p>\n<p>Diese Erkl\u00e4rung bezieht sich auf alle personenbezogenen Daten, die von Camping La Finoria (im Folgenden &#8222;La Finoria Camping&#8220;) \u00fcber die Website erfasst und verarbeitet werden, mit Ausnahme von Cookies. In Bezug auf Cookies <u>verweisen<\/u> wir auf die spezifischen erweiterten Informationen auf&nbsp;(Cookie Policy) gem\u00e4\u00df der Verordnung (EG) Nr. 259\/1999. EU 2016\/679.<\/p>\n<p>Mit dem Besuch der Website akzeptieren Sie stillschweigend die in dieser Datenschutzrichtlinie beschriebenen Praktiken.<\/p>\n<p>&nbsp;<\/p>\n<p><strong>Daten zur Navigation<\/strong><\/p>\n<p>Die f\u00fcr den Betrieb der Website verwendeten Computersysteme und Softwareverfahren erfassen im Rahmen ihres normalen Betriebs bestimmte personenbezogene Daten, deren \u00dcbermittlung durch die Verwendung von Internet-Kommunikationsprotokollen impliziert ist. Diese Informationen werden nicht erhoben, um mit identifizierten Personen in Verbindung gebracht zu werden, sondern k\u00f6nnten aufgrund ihrer Beschaffenheit durch die Verarbeitung und Verkn\u00fcpfung mit Daten im Besitz von Dritten die Identifizierung von Nutzern erm\u00f6glichen.<\/p>\n<p>Zu dieser Datenkategorie geh\u00f6ren die IP-Adressen oder Dom\u00e4nennamen der Computer, die von den Nutzern verwendet werden, die sich mit der Website verbinden, die URI (Uniform Resource Identifier)-Notationsadressen der angeforderten Ressourcen, die Uhrzeit der Anfrage, die zur \u00dcbermittlung der Anfrage an den Server verwendete Methode, die Gr\u00f6\u00dfe der als Antwort erhaltenen Datei, der numerische Code, der den Status der Antwort des Servers angibt (erfolgreich, Fehler usw.), sowie andere Parameter, die sich auf das Betriebssystem und die Computerumgebung des Nutzers beziehen.<\/p>\n<p>Diese Daten werden ausschlie\u00dflich dazu verwendet, anonyme statistische Informationen \u00fcber die Nutzung der Website zu erhalten und ihr ordnungsgem\u00e4\u00dfes Funktionieren zu \u00fcberpr\u00fcfen, und werden nach der Verarbeitung sofort gel\u00f6scht.<\/p>\n<p>Die Daten k\u00f6nnten zur Feststellung der Haftung bei hypothetischen Computerstraftaten zum Nachteil der Website verwendet werden.<\/p>\n<p>&nbsp;<\/p>\n<p><strong>Freiwillig zur Verf\u00fcgung gestellte Daten<\/strong><\/p>\n<p>Der f\u00fcr die Verarbeitung Verantwortliche verarbeitet personenbezogene, identifizierende Daten (z.B. Vorname, Nachname, Firmenname, Adresse, Telefonnummern, E-Mail, Bank- und Zahlungsreferenzen), die von Ihnen im Zusammenhang mit dem Abschluss von Vertr\u00e4gen \u00fcber Dienstleistungen des f\u00fcr die Verarbeitung Verantwortlichen, der Registrierung f\u00fcr&nbsp;<em>Newsletter<\/em>&nbsp;und\/oder den MessengerPeople Gmbh &#8211; WhatsApp, Notify, Instagram und Telegram Instant Messaging Service f\u00fcr Kundensupport, Informationsanfragen und Marketing auf der Website.<\/p>\n<p>Die fakultative, ausdr\u00fcckliche und freiwillige Zusendung von elektronischer Post an die auf dieser Website angegebenen Adressen hat zur Folge, dass die Adresse des Absenders, die f\u00fcr die Beantwortung von Anfragen erforderlich ist, sowie alle anderen in der Nachricht enthaltenen Daten erfasst werden.<\/p>\n<p>&nbsp;<\/p>\n<p><strong>Zweck der Datenverarbeitung, Kommunikation und Zugang zu den Daten<\/strong><\/p>\n<p>Die von Ihnen gelieferten personenbezogenen Daten werden gem\u00e4\u00df den Bedingungen der Rechtm\u00e4\u00dfigkeit verarbeitet&nbsp;<em>ex<\/em>&nbsp;Art. 6 Reg. EU 2016\/679:<\/p>\n<ol>\n<li>ohne Ihre ausdr\u00fcckliche Zustimmung (Art. 24 lett. a), b), (c) Datenschutzgesetz in der ge\u00e4nderten Fassung (Bestimmungen zur Anpassung der nationalen Rechtsvorschriften an die Bestimmungen der Verordnung (EU) 2016\/679) und Art. 6 Buchst. b), e) GDPR), f\u00fcr die folgenden Dienstleistungszwecke:<\/li>\n<li>(a) die technische Verwaltung der Website zu gew\u00e4hrleisten;<\/li>\n<li>(b) die angeforderte Dienstleistung oder Leistung zu erbringen, Vertr\u00e4ge \u00fcber Dienstleistungen des f\u00fcr die Verarbeitung Verantwortlichen abzuschlie\u00dfen;<\/li>\n<li>c) vorvertragliche, vertragliche und steuerliche Verpflichtungen zu erf\u00fcllen, die sich aus bestehenden Beziehungen zu Ihnen ergeben;<\/li>\n<li>d) Erf\u00fcllung von Verpflichtungen, die sich aus Gesetzen, Verordnungen, EU-Rechtsvorschriften oder einer Anordnung der Beh\u00f6rde ergeben (z. B. Bek\u00e4mpfung der Geldw\u00e4sche);<\/li>\n<li>(e) die Rechte des f\u00fcr die Verarbeitung Verantwortlichen wahrzunehmen, z. B. das Recht auf Verteidigung vor Gericht;<\/li>\n<\/ol>\n<p>Zu den genannten Zwecken k\u00f6nnen Ihre Daten an die Justizbeh\u00f6rden und an diejenigen Stellen weitergeleitet werden, denen die Weitergabe zur Erf\u00fcllung der genannten Zwecke gesetzlich vorgeschrieben ist. Diese Parteien werden die Daten in ihrer Eigenschaft als eigenst\u00e4ndig f\u00fcr die Datenverarbeitung Verantwortliche verarbeiten. Ihre Daten werden nicht weitergegeben;<\/p>\n<ol start=\"2\">\n<li>ohne Ihre vorherige ausdr\u00fcckliche Zustimmung, wie sie in Art. 130, 4. Absatz, Datenschutzgesetz in der ge\u00e4nderten Fassung (Bestimmungen zur Anpassung der nationalen Rechtsvorschriften an die Bestimmungen der Verordnung (EU) 2016\/679), f\u00fcr die folgenden Marketingzwecke:<\/li>\n<li>f) die von Ihnen im Rahmen des Kaufs eines Produkts und\/oder einer Dienstleistung, die auf der Website direkt vom Campingplatz la finoria angeboten und verkauft werden, angegebenen E-Mail-Daten (d.h. die E-Mail-Adresse) zu verarbeiten, um den Direktverkauf \u00e4hnlicher Produkte oder Dienstleistungen zu erm\u00f6glichen (und somit die Zusendung von Werbemitteilungen \u00fcber solche Produkte und\/oder Dienstleistungen per E-Mail an Sie), sofern Sie nicht von Ihrem Widerspruchsrecht in der nachstehend beschriebenen Weise Gebrauch machen (sog. &#8222;Opt-out&#8220;).&nbsp;<em>Soft-Spam<\/em>).<\/li>\n<\/ol>\n<p>Sie k\u00f6nnen dem Erhalt von Soft-Spam-Mitteilungen widersprechen:<\/p>\n<ul>\n<li>durch Kontaktaufnahme mit Camping La Finoria unter <u>info@campeggiolafinoria.it;<\/u><\/li>\n<li>\u00fcber den entsprechenden Link in jeder von Camping La Finoria versandten Werbemitteilung<\/li>\n<\/ul>\n<p>Zu den oben genannten Zwecken werden Ihre Daten nicht an Dritte weitergegeben, es sei denn, dies ist gesetzlich vorgeschrieben oder wird von den Justizbeh\u00f6rden verlangt, oder sie werden verbreitet.<\/p>\n<ol start=\"3\">\n<li>nur mit Ihrer ausdr\u00fccklichen und gesonderten Zustimmung (Art. 23 und 130 Datenschutzgesetz in der ge\u00e4nderten Fassung (Bestimmungen zur Anpassung der nationalen Rechtsvorschriften an die Bestimmungen der Verordnung (EU) 2016\/679) und Art. 7 DSGVO), f\u00fcr die folgenden Marketingzwecke:<\/li>\n<li>(g) Ihnen \u00fcber automatisierte Kontaktmethoden (z. B. E-Mail und\/oder SMS und\/oder Instant Messaging und &#8211; \u00fcber die Plattform von MessengerPeople GmbH &#8211; WhatsApp, Notify, Instagram und Telegram sowie herk\u00f6mmliche (z.B. herk\u00f6mmliche Post und\/oder telefonische Kontakte mit dem Betreiber) &#8211; Newsletter, kommerzielle Mitteilungen und\/oder Werbematerial \u00fcber Produkte oder Dienstleistungen, die vom f\u00fcr die Verarbeitung Verantwortlichen angeboten werden und f\u00fcr die die Daten nicht erhoben wurden, sowie die Erhebung des Zufriedenheitsgrades \u00fcber die Qualit\u00e4t der Dienstleistungen;<\/li>\n<li>h) Ihnen (per E-Mail, Post und\/oder SMS und\/oder Sofortnachrichten und\/oder Telefonkontakt) Newsletter, kommerzielle und\/oder werbliche Mitteilungen von Dritten (z. B. Gesch\u00e4ftspartnern) zu senden;<\/li>\n<li>i) Dritten (z.B. GYMTRAINER S.r.l., P.I. &#8211; C.F. 04643350236, mit Sitz in San Martino Buon Albergo, Via XX Settembre 32\/a, 37036 -Verona (VR) f\u00fcr Buchungen und\/oder K\u00e4ufe der Sportdienstleistungen von Campeggio Puntala S.r.l.) Ihre pers\u00f6nlichen Daten zu Werbezwecken ausschlie\u00dflich f\u00fcr Produkte oder Dienstleistungen, die von Campeggio Puntala S.r.l. angeboten werden, zu \u00fcbermitteln<\/li>\n<li>l) Analyse der Verbraucherentscheidungen und -gewohnheiten, um das Angebot an Dienstleistungen bei sp\u00e4teren Aufenthalten zu verbessern, um Ihnen personalisierte kommerzielle Mitteilungen zukommen zu lassen, um gezielte Werbeaktionen durchzuf\u00fchren und um Gesch\u00e4ftsinformationen zu erhalten;<\/li>\n<li>(m) Durchf\u00fchrung von Preisausschreiben und Kundenbindungsprogrammen.<\/li>\n<\/ol>\n<p>Zu den oben genannten Zwecken werden Ihre Daten nicht an andere als die unter Ziffer i) genannten Dritten weitergegeben, es sei denn, sie werden aufgrund gesetzlicher Verpflichtungen oder auf Ersuchen der Justizbeh\u00f6rden \u00fcbermittelt oder verbreitet.<\/p>\n<ol start=\"4\">\n<li>nur mit Ihrer ausdr\u00fccklichen und gesonderten Zustimmung (Art. 23 und 130 Datenschutzgesetz in der ge\u00e4nderten Fassung (Bestimmungen zur Anpassung der nationalen Rechtsvorschriften an die Bestimmungen der Verordnung (EU) 2016\/679) und Art. 7 DSGVO), f\u00fcr die folgenden Marketingzwecke:<\/li>\n<li>n) die Weitergabe Ihrer pers\u00f6nlichen Daten zu Werbezwecken an die Unternehmen PuntAla Camp &amp; Resort, Campeggio PuntAla S.r.l., P.IVA 01233070539, mit Sitz in 58043 Punta Ala, Castiglione della Pescaia, Grosseto, Italien tel. +390564922254 fax. +390564920379, e-mail: info@campingpuntala.it., GRAVITY di Giorgia Volta (C.F. 01783740499) mit Sitz in Via degli Affitti, 9 &#8211; 57021 Venturina (LI), PUNTA ALA TRAIL CENTER A.S.D. (P.I. &#8211; C.I. 01647880531) mit Hauptsitz in loc. Punta Ala &#8211; c\/o Campeggio Puntala &#8211; 58043 Castiglione della Pescaia (GR) und PUNTALA AMBIENTE S.R.L. (P.I. &#8211; C.F. 01415020534) mit Hauptsitz in Via Zanardelli, 1 &#8211; Grosseto (GR), BLACK ROOSTER A.S.D. (C.F. 95120230248, P.I. 06876670487) mit Sitz in Via Corte Grifoni 4 &#8211; 50012 Bagno a Ripoli (FI), GYMTRAINER S.R.L. (I. &#8211; C.F. 04643350236) mit Sitz in San Martino Buon Albergo, Via XX Settembre 32\/a, 37036 -Verona (VR), PUNTA ALA SUP EXPERIENCE A.S.D.(P.I. &#8211; C.F. 01708190531) mit Sitz in Punta Ala &#8211; c\/o PuntAla Camp &amp; Resort Loc. Punta Ala &#8211; 58043 Castiglione della Pescaia (GR) und eventuell weitere Dienstleister, die in dem Gebiet, in dem sich unsere Struktur befindet, untergebracht sind und deren Daten wir Ihnen mitteilen werden.<\/li>\n<\/ol>\n<p>Zu den oben genannten Zwecken werden Ihre Daten nicht an andere als die unter Buchstabe n) genannten Personen weitergegeben, mit Ausnahme m\u00f6glicher rechtlicher Verpflichtungen oder Anfragen der Justizbeh\u00f6rden, und sie werden auch nicht verbreitet.<\/p>\n<p>Ihre Daten k\u00f6nnen f\u00fcr die Zwecke von&nbsp; 1.,&nbsp; 2.,<strong>&nbsp;3<\/strong><strong>.&nbsp;<\/strong>und<strong>&nbsp;zug\u00e4nglich gemacht werden<\/strong><strong>:<\/strong><\/p>\n<p>&#8211; Angestellte und Mitarbeiter des Inhabers der Datenverarbeitung oder von Partnerunternehmen und\/oder Einrichtungen in Italien und im Ausland, in ihrer Eigenschaft als Datenverarbeiter und\/oder interne Datenverwalter und\/oder Systemadministratoren;<\/p>\n<p>&#8211; an Drittunternehmen oder andere Einrichtungen (z. B. Kreditinstitute, Berufsverb\u00e4nde, Berater, Versicherungsgesellschaften f\u00fcr die Erbringung von Versicherungsleistungen usw.), die im Auftrag des f\u00fcr die Verarbeitung Verantwortlichen in ihrer Eigenschaft als externe Datenverarbeiter Outsourcing-Aktivit\u00e4ten durchf\u00fchren, und insbesondere an Personen\/Unternehmen, die Dienstleistungen erbringen, die mit der Erf\u00fcllung der oben genannten Zwecke verbunden sind und dazu beitragen.<\/p>\n<p>&nbsp;<\/p>\n<p><strong>Daten\u00fcbermittlung<\/strong>&nbsp;<strong>in Nicht-EU-L\u00e4nder<\/strong><\/p>\n<p>Ihre personenbezogenen Daten werden von dem f\u00fcr die Verarbeitung Verantwortlichen auf dem Gebiet der Europ\u00e4ischen Union verarbeitet. Sollte es aus technischen und\/oder betrieblichen Gr\u00fcnden notwendig sein, auf Einrichtungen au\u00dferhalb der Europ\u00e4ischen Union zur\u00fcckzugreifen, oder sollte es notwendig sein, einige der erhobenen Daten an technische Systeme und Dienste zu \u00fcbertragen, die in der Cloud verwaltet werden und sich au\u00dferhalb des Gebiets der Europ\u00e4ischen Union befinden, wird die Verarbeitung gem\u00e4\u00df Kapitel V der Verordnung geregelt und auf der Grundlage spezifischer Beschl\u00fcsse der Europ\u00e4ischen Union genehmigt. Es werden daher alle erforderlichen Vorkehrungen getroffen, um den gr\u00f6\u00dftm\u00f6glichen Schutz personenbezogener Daten im Rahmen dieser \u00dcbermittlung zu gew\u00e4hrleisten: (a) \u00fcber Angemessenheitsentscheidungen der Europ\u00e4ischen Kommission in Bezug auf Empf\u00e4nger aus Drittl\u00e4ndern; (b) bei ausreichenden Garantien, die der Drittempf\u00e4nger gem\u00e4\u00df Art. 46 der Verordnung; (c) \u00fcber den Erlass verbindlicher unternehmensinterner Vorschriften, so genannter. Verbindliche Unternehmensregeln.<\/p>\n<p>&nbsp;<\/p>\n<p><strong>Rechtsgrundlage der Datenverarbeitung<\/strong><\/p>\n<p>Die Bereitstellung von Daten f\u00fcr die unter dem vorangehenden Punkt genannten Zwecke&nbsp;<strong>1.<\/strong>&nbsp;ist obligatorisch. In ihrer Abwesenheit sind wir nicht in der Lage, Ihnen die Dienste unter folgenden Bedingungen zur Verf\u00fcgung zu stellen&nbsp;<strong>1<\/strong>.. Die Rechtsgrundlage f\u00fcr die Verarbeitung dieser Daten ist die Erf\u00fcllung eines Vertrags, dessen Vertragspartei Sie sind, oder die Notwendigkeit, gesetzliche Verpflichtungen zu erf\u00fcllen.<\/p>\n<p>Die Rechtsgrundlage der Datenverarbeitung f\u00fcr die unter dem vorstehenden Punkt genannten Zwecke&nbsp;<strong>2.<\/strong>&nbsp;ist Art. 130 Absatz 4 des Datenschutzgesetzes in seiner ge\u00e4nderten Fassung (Bestimmungen zur Anpassung der nationalen Rechtsvorschriften an die Bestimmungen der Verordnung (EU) 2016\/679), der die betreffende Verarbeitung ausdr\u00fccklich erlaubt.<\/p>\n<p>Die Bereitstellung von Daten f\u00fcr die oben genannten Zwecke&nbsp;<strong>3. und 4<\/strong>.&nbsp;ist fakultativ. Sie k\u00f6nnen daher beschlie\u00dfen, keine Daten zu \u00fcbermitteln oder die Verarbeitung bereits \u00fcbermittelter Daten zu verweigern: In diesem Fall k\u00f6nnen Sie keine Newsletter, kommerzielle Mitteilungen und Werbematerial zu den vom f\u00fcr die Verarbeitung Verantwortlichen angebotenen Diensten erhalten. Sie haben jedoch weiterhin Anspruch auf die Dienste, die unter&nbsp;<strong>1<\/strong>.. Die Rechtsgrundlage f\u00fcr die Verarbeitung dieser Daten ist die (fakultative und jederzeit widerrufbare) Einwilligung.<\/p>\n<p>Die Website verarbeitet einen Teil der Daten auf der Grundlage der berechtigten Interessen des f\u00fcr die Datenverarbeitung Verantwortlichen.<\/p>\n<p>&nbsp;<\/p>\n<p><strong>Modalit\u00e4ten der Behandlung<\/strong><\/p>\n<p>Die fraglichen Daten werden verarbeitet:<\/p>\n<p>&#8211; auf Papier und elektronischen Medien jeglicher Art;<\/p>\n<p>&#8211; durch befugte Personen, die st\u00e4ndig identifiziert, angemessen unterwiesen und auf die durch die geltenden Gesetze auferlegten Beschr\u00e4nkungen hingewiesen werden;<\/p>\n<p>&#8211; nur so lange, wie es unbedingt notwendig ist, um die Zwecke, f\u00fcr die sie erhoben wurden, zu erreichen;<\/p>\n<p>&#8211; mit der Verpflichtung, die Daten zeitnah zu aktualisieren und veraltete, unn\u00f6tige oder irrelevante Daten zu eliminieren;<\/p>\n<p>&#8211; mit der Verpflichtung, die gesetzlich vorgeschriebenen organisatorischen und sicherheitstechnischen Ma\u00dfnahmen zu ergreifen, um die Vertraulichkeit der betroffenen Person zu gew\u00e4hrleisten und einen unberechtigten Zugriff durch Dritte oder Unbefugte zu verhindern.<\/p>\n<p>&nbsp;<\/p>\n<p><strong>Dauer der Behandlung<\/strong><\/p>\n<p>Die erhobenen personenbezogenen Daten werden gem\u00e4\u00df Art. 5 Abs. 1 lett.&nbsp;<em>(e<\/em>) von Reg. EU 2016\/679, in einer Form, die die Identifizierung der betroffenen Personen f\u00fcr einen Zeitraum erm\u00f6glicht, der die Erf\u00fcllung der Zwecke, f\u00fcr die die personenbezogenen Daten verarbeitet werden, nicht \u00fcbersteigt, und in jedem Fall nicht l\u00e4nger als 10 Jahre nach Beendigung des Verh\u00e4ltnisses f\u00fcr die Zwecke der Dienstleistung.<\/p>\n<p>Personenbezogene Daten, die f\u00fcr Marketingzwecke verarbeitet werden, werden bis zum Widerruf der Einwilligung gespeichert.<\/p>\n<p>&nbsp;<\/p>\n<p><strong>Eigent\u00fcmer, Beauftragte und Kontrolleure<\/strong><\/p>\n<p>Der Inhaber der Datenverarbeitung ist Campeggio La Finoria A.S.D., P.I. &#8211; C.F.. mit Hauptsitz in loc. Gavorrano, Via Monticello, 66, 58023 Gavorrano GR,&nbsp; E-Mail: info@campeggiolafinoria.it.<\/p>\n<p>Verantwortlich f\u00fcr die Datenverarbeitung sind die Angestellten und\/oder Mitarbeiter von Campeggio La Finoria. Die Daten k\u00f6nnen von den Angestellten und\/oder Mitarbeitern der Abteilungen des Unternehmens verarbeitet werden, die mit der Verfolgung der oben genannten Zwecke betraut sind, die ausdr\u00fccklich zur Verarbeitung der Daten erm\u00e4chtigt wurden und die entsprechende operative Anweisungen erhalten haben.<\/p>\n<p>ZUCCHETTI HOSPITALITY SRL, C.F. und P.IVA: 02894171202, mit Sitz in Via Solferino, 1, 26900 Lodi ist der Datenverarbeiter, der die personenbezogenen Daten im Auftrag des Inhabers verarbeitet.<\/p>\n<p>Die aktuelle Liste der Datenverarbeiter und der mit der Verarbeitung beauftragten Personen wird am Sitz des f\u00fcr die Verarbeitung Verantwortlichen aufbewahrt.<\/p>\n<p>&nbsp;<\/p>\n<p><strong>Die der betroffenen Person zuerkannten Rechte<\/strong><\/p>\n<p>Gem\u00e4\u00df der europ\u00e4ischen Verordnung 679\/2016 (GDPR) und der nationalen Gesetzgebung kann der Nutzer in der Art und Weise und innerhalb der Grenzen, die in der geltenden Gesetzgebung vorgesehen sind, die folgenden Rechte aus\u00fcben:<\/p>\n<p>&#8211; eine Best\u00e4tigung \u00fcber das Vorhandensein der ihn betreffenden personenbezogenen Daten zu verlangen (Recht auf Zugang);<\/p>\n<p>&#8211; seinen Ursprung kennen;<\/p>\n<p>&#8211; eine verst\u00e4ndliche Kommunikation erhalten;<\/p>\n<p>&#8211; Informationen \u00fcber die Logik, die Methoden und die Zwecke der Verarbeitung zu erhalten;<\/p>\n<p>&#8211; die Aktualisierung, die Berichtigung, die Erg\u00e4nzung, die L\u00f6schung, die Umwandlung in anonyme Form und die Sperrung von Daten zu verlangen, die unter Versto\u00df gegen das Gesetz verarbeitet wurden, einschlie\u00dflich Daten, die f\u00fcr die Zwecke, f\u00fcr die sie erhoben wurden, nicht mehr erforderlich sind;<\/p>\n<p>&#8211; im Falle einer Verarbeitung auf der Grundlage einer Einwilligung seine Daten, die er dem Verantwortlichen zur Verf\u00fcgung gestellt hat, in strukturierter, maschinenlesbarer Form und in einem Format, das \u00fcblicherweise von einem elektronischen Ger\u00e4t verwendet wird, unbeschadet der Abs\u00e4tze 3 und 4 des Art. 20 der Reg. EU 2016\/679;<\/p>\n<p>&#8211; ob er der Ansicht ist, dass die Verarbeitung der ihn betreffenden Daten gegen die Bestimmungen der Verordnung (EG) Nr. EU 2016\/679, gem\u00e4\u00df Artikel. 15 Buchstaben&nbsp;<em>(f)<\/em> der oben erw\u00e4hnten Verordnung. EU 2016\/679, das Recht, eine Beschwerde beim Garante per la protezione dei dati personali einzureichen, und, unter Bezugnahme auf Art. 6 Absatz 1, Buchstabe&nbsp;<em>(a)<\/em> und Art. 9 (2) <em>(a)<\/em> und Art. 9 (2) <em>(a)<\/em>.&nbsp;<em>(a)<\/em> das Recht, die erteilte Einwilligung jederzeit zu widerrufen;<\/p>\n<p>&#8211; Werden Daten auf der Grundlage berechtigter Interessen verarbeitet, sind die Rechte der betroffenen Person auf Datenverarbeitung dennoch gew\u00e4hrleistet (mit Ausnahme des Rechts auf \u00dcbertragbarkeit, das in den Vorschriften nicht vorgesehen ist), insbesondere das Recht, der Verarbeitung ganz oder teilweise zu widersprechen, das durch einen Antrag an den f\u00fcr die Verarbeitung Verantwortlichen ausge\u00fcbt werden kann;<\/p>\n<p>&#8211; Das Recht der betroffenen Person, sich der Verarbeitung ihrer personenbezogenen Daten zu Marketingzwecken durch automatisierte Kontaktaufnahme zu widersetzen, wird auf herk\u00f6mmliche Mittel ausgedehnt, und in jedem Fall bleibt das Recht der betroffenen Person, dieses Recht auch teilweise auszu\u00fcben, indem sie sich beispielsweise nur dem Versand von Werbematerial durch automatisierte Mittel widersetzt, unber\u00fchrt;<\/p>\n<p>&#8211; sowie ganz allgemein die Aus\u00fcbung aller Rechte, die ihm nach den geltenden Rechtsvorschriften zustehen.<\/p>\n<p>&nbsp;<\/p>\n<p>Der Nutzer kann seine Rechte gem\u00e4\u00df den Artikeln 15, 16, 17, 18, 19, 20, 21 und 22 der Verordnung (EU) 2016\/679 geltend machen, indem er sich mit dem f\u00fcr die Verarbeitung Verantwortlichen in Verbindung setzt, indem er eine Anfrage an Campeggio Puntala S.r.l. mit Sitz in 58043 Punta Ala, Castiglione della Pescaia, Grosseto, Italien, Tel. +390564922254 Fax. +390564920379, E-Mail: info@campingpuntala.it, auch per E-Mail, Telefon oder Fax, mit dem Recht, eine Best\u00e4tigung \u00fcber die Bearbeitung des Antrags zu erhalten, sobald diese erfolgt ist.<\/p>\n<\/div>\n<p><\/p>\t\t\t\t\t\t\t\t<\/div>\n\t\t\t\t<\/div>\n\t\t\t\t\t<\/div>\n\t\t\t\t<\/div>\n\t\t\t\t<\/div>\n\t\t","protected":false},"excerpt":{"rendered":"<p>Datenschutzbestimmungen Erweiterte Datenschutzrichtlinie Datenschutz &#8211; Informationen In \u00dcbereinstimmung mit den Verpflichtungen, die sich aus der nationalen Gesetzgebung (Gesetzesdekret Nr. 196 vom 30. Juni 2003, Datenschutzkodex) und der Gemeinschaftsgesetzgebung (Europ\u00e4ische Datenschutzverordnung Nr. 679\/2016, GDPR) und den nachfolgenden \u00c4nderungen ergeben, werden auf dieser Seite die Methoden beschrieben, die zur Verwaltung der Website www.campeggiolafinoria.it (im Folgenden auch als [&hellip;]<\/p>\n","protected":false},"author":1,"featured_media":0,"parent":0,"menu_order":0,"comment_status":"closed","ping_status":"open","template":"","meta":{"footnotes":""},"class_list":["post-601","page","type-page","status-publish","hentry"],"_links":{"self":[{"href":"https:\/\/www.campeggiolafinoria.it\/de\/wp-json\/wp\/v2\/pages\/601","targetHints":{"allow":["GET"]}}],"collection":[{"href":"https:\/\/www.campeggiolafinoria.it\/de\/wp-json\/wp\/v2\/pages"}],"about":[{"href":"https:\/\/www.campeggiolafinoria.it\/de\/wp-json\/wp\/v2\/types\/page"}],"author":[{"embeddable":true,"href":"https:\/\/www.campeggiolafinoria.it\/de\/wp-json\/wp\/v2\/users\/1"}],"replies":[{"embeddable":true,"href":"https:\/\/www.campeggiolafinoria.it\/de\/wp-json\/wp\/v2\/comments?post=601"}],"version-history":[{"count":9,"href":"https:\/\/www.campeggiolafinoria.it\/de\/wp-json\/wp\/v2\/pages\/601\/revisions"}],"predecessor-version":[{"id":617,"href":"https:\/\/www.campeggiolafinoria.it\/de\/wp-json\/wp\/v2\/pages\/601\/revisions\/617"}],"wp:attachment":[{"href":"https:\/\/www.campeggiolafinoria.it\/de\/wp-json\/wp\/v2\/media?parent=601"}],"curies":[{"name":"wp","href":"https:\/\/api.w.org\/{rel}","templated":true}]}}