{"id":539,"date":"2024-02-13T06:14:15","date_gmt":"2024-02-13T06:14:15","guid":{"rendered":"https:\/\/www.campeggiolafinoria.it\/silberfeld\/"},"modified":"2024-02-19T12:49:48","modified_gmt":"2024-02-19T12:49:48","slug":"silverfield","status":"publish","type":"page","link":"https:\/\/www.campeggiolafinoria.it\/de\/silverfield\/","title":{"rendered":"Silverfield"},"content":{"rendered":"\t\t<div data-elementor-type=\"wp-page\" data-elementor-id=\"539\" class=\"elementor elementor-539 elementor-231\" data-elementor-post-type=\"page\">\n\t\t\t\t<div class=\"elementor-element elementor-element-4b41709 e-flex e-con-boxed e-con e-parent\" data-id=\"4b41709\" data-element_type=\"container\" data-e-type=\"container\">\n\t\t\t\t\t<div class=\"e-con-inner\">\n\t\t\t\t<div class=\"elementor-element elementor-element-f9d6f17 elementor-widget elementor-widget-heading\" data-id=\"f9d6f17\" data-element_type=\"widget\" data-e-type=\"widget\" data-widget_type=\"heading.default\">\n\t\t\t\t<div class=\"elementor-widget-container\">\n\t\t\t\t\t<h1 class=\"elementor-heading-title elementor-size-default\">Silverfield<\/h1>\t\t\t\t<\/div>\n\t\t\t\t<\/div>\n\t\t\t\t\t<\/div>\n\t\t\t\t<\/div>\n\t\t<div class=\"elementor-element elementor-element-b4e3ac2 e-flex e-con-boxed e-con e-parent\" data-id=\"b4e3ac2\" data-element_type=\"container\" data-e-type=\"container\">\n\t\t\t\t\t<div class=\"e-con-inner\">\n\t\t\t\t<div class=\"elementor-element elementor-element-eb54ae1 elementor-widget elementor-widget-theme-post-featured-image elementor-widget-image\" data-id=\"eb54ae1\" data-element_type=\"widget\" data-e-type=\"widget\" data-widget_type=\"theme-post-featured-image.default\">\n\t\t\t\t<div class=\"elementor-widget-container\">\n\t\t\t\t\t\t\t\t\t\t\t\t\t\t\t<img fetchpriority=\"high\" decoding=\"async\" width=\"1202\" height=\"627\" src=\"https:\/\/www.campeggiolafinoria.it\/wp-content\/uploads\/2024\/02\/silverfield.jpg\" class=\"attachment-full size-full wp-image-400\" alt=\"\" srcset=\"https:\/\/www.campeggiolafinoria.it\/wp-content\/uploads\/2024\/02\/silverfield.jpg 1202w, https:\/\/www.campeggiolafinoria.it\/wp-content\/uploads\/2024\/02\/silverfield-300x156.jpg 300w, https:\/\/www.campeggiolafinoria.it\/wp-content\/uploads\/2024\/02\/silverfield-1024x534.jpg 1024w, https:\/\/www.campeggiolafinoria.it\/wp-content\/uploads\/2024\/02\/silverfield-768x401.jpg 768w, https:\/\/www.campeggiolafinoria.it\/wp-content\/uploads\/2024\/02\/silverfield-600x313.jpg 600w\" sizes=\"(max-width: 1202px) 100vw, 1202px\" \/>\t\t\t\t\t\t\t\t\t\t\t\t\t\t\t<\/div>\n\t\t\t\t<\/div>\n\t\t\t\t\t<\/div>\n\t\t\t\t<\/div>\n\t\t<div class=\"elementor-element elementor-element-640fe2ef e-flex e-con-boxed e-con e-parent\" data-id=\"640fe2ef\" data-element_type=\"container\" data-e-type=\"container\">\n\t\t\t\t\t<div class=\"e-con-inner\">\n\t\t\t\t<div class=\"elementor-element elementor-element-6c53cbc2 elementor-widget elementor-widget-text-editor\" data-id=\"6c53cbc2\" data-element_type=\"widget\" data-e-type=\"widget\" data-widget_type=\"text-editor.default\">\n\t\t\t\t<div class=\"elementor-widget-container\">\n\t\t\t\t\t\t\t\t\t<p>Sie hei\u00dfen SILVERFIELD und sind <b>Wohnwagen <\/b>, die vom Old America-Stil der 1960er Jahre inspiriert sind und aus Metall mit Hochglanzoberfl\u00e4che bestehen.<\/p>\n<p>Sie bieten Platz f\u00fcr 2 bis 4 Personen und sind in 4 raffinierten und modernen Designs erh\u00e4ltlich.<\/p>\n<p>Sie befinden sich auf sehr ger\u00e4umigen Stellpl\u00e4tzen mit einer gro\u00dfen Veranda, die aus einer Plattform mit Sonnenschutz, Tisch, Sitzen und Liegest\u00fchlen besteht.<\/p>\n<\/p>\n<h2>Einzelheiten<\/h2>\n<p>Unsere Silverfield-Wohnwagen haben die unverwechselbare abgerundete und polierte Aluminium-Karosserieform der amerikanischen Airstreams beibehalten. Eine Reise in die Vergangenheit in einer perfekten Kombination aus Retro-Nostalgie und modernem Design.<\/p>\n<p>Essenz und Kreativit\u00e4t werden in 4 verschiedenen Einrichtungsstilen dekliniert: Gr\u00fcn, Rock, Pop, Pur.  <\/p>\n<p>Das Projekt und die Inneneinrichtung wurden von Dogtrot, einem Studio f\u00fcr Kommunikation und Design, durchgef\u00fchrt.<\/p>\n<\/p>\n<h2>Ausr\u00fcstung<\/h2>\n<ul>\n<li>Klimatisierung<\/li>\n<li>Duschkabine, WC und Innenwaschbecken<\/li>\n<li>K\u00fcchenzeile mit Induktionskochfeld und Minik\u00fchlschrank, Espressomaschine<\/li>\n<li>Veranda mit sehr gro\u00dfer und gut ausgestatteter Beschattungsanlage (Tisch, St\u00fchle, 2 Liegest\u00fchle)<\/li>\n<\/ul>\n<h2> <\/h2>\n<h2>Bewohnbarkeit und Raum<\/h2>\n<ul>\n<li>Wohnwagen f\u00fcr 3 Personen (1 Doppelbett + 1 Feldbett), 14 qm<\/li>\n<li>Wohnwagen &#8218;Family&#8216; f\u00fcr 4 Personen (1 Doppelbett + 1 Doppelschlafcouch), 14 qm<\/li>\n<\/ul>\n\t\t\t\t\t\t\t\t<\/div>\n\t\t\t\t<\/div>\n\t\t\t\t\t<\/div>\n\t\t\t\t<\/div>\n\t\t<div class=\"elementor-element elementor-element-55c607c e-flex e-con-boxed e-con e-parent\" data-id=\"55c607c\" data-element_type=\"container\" data-e-type=\"container\">\n\t\t\t\t\t<div class=\"e-con-inner\">\n\t\t\t\t<div class=\"elementor-element elementor-element-ae64d0f elementor-widget elementor-widget-spacer\" data-id=\"ae64d0f\" data-element_type=\"widget\" data-e-type=\"widget\" data-widget_type=\"spacer.default\">\n\t\t\t\t<div class=\"elementor-widget-container\">\n\t\t\t\t\t\t\t<div class=\"elementor-spacer\">\n\t\t\t<div class=\"elementor-spacer-inner\"><\/div>\n\t\t<\/div>\n\t\t\t\t\t\t<\/div>\n\t\t\t\t<\/div>\n\t\t\t\t\t<\/div>\n\t\t\t\t<\/div>\n\t\t\t\t<\/div>\n\t\t","protected":false},"excerpt":{"rendered":"<p>Silverfield Sie hei\u00dfen SILVERFIELD und sind Wohnwagen , die vom Old America-Stil der 1960er Jahre inspiriert sind und aus Metall mit Hochglanzoberfl\u00e4che bestehen. Sie bieten Platz f\u00fcr 2 bis 4 Personen und sind in 4 raffinierten und modernen Designs erh\u00e4ltlich. Sie befinden sich auf sehr ger\u00e4umigen Stellpl\u00e4tzen mit einer gro\u00dfen Veranda, die aus einer Plattform [&hellip;]<\/p>\n","protected":false},"author":1,"featured_media":400,"parent":0,"menu_order":0,"comment_status":"closed","ping_status":"closed","template":"","meta":{"footnotes":""},"class_list":["post-539","page","type-page","status-publish","has-post-thumbnail","hentry"],"_links":{"self":[{"href":"https:\/\/www.campeggiolafinoria.it\/de\/wp-json\/wp\/v2\/pages\/539","targetHints":{"allow":["GET"]}}],"collection":[{"href":"https:\/\/www.campeggiolafinoria.it\/de\/wp-json\/wp\/v2\/pages"}],"about":[{"href":"https:\/\/www.campeggiolafinoria.it\/de\/wp-json\/wp\/v2\/types\/page"}],"author":[{"embeddable":true,"href":"https:\/\/www.campeggiolafinoria.it\/de\/wp-json\/wp\/v2\/users\/1"}],"replies":[{"embeddable":true,"href":"https:\/\/www.campeggiolafinoria.it\/de\/wp-json\/wp\/v2\/comments?post=539"}],"version-history":[{"count":9,"href":"https:\/\/www.campeggiolafinoria.it\/de\/wp-json\/wp\/v2\/pages\/539\/revisions"}],"predecessor-version":[{"id":620,"href":"https:\/\/www.campeggiolafinoria.it\/de\/wp-json\/wp\/v2\/pages\/539\/revisions\/620"}],"wp:featuredmedia":[{"embeddable":true,"href":"https:\/\/www.campeggiolafinoria.it\/de\/wp-json\/wp\/v2\/media\/400"}],"wp:attachment":[{"href":"https:\/\/www.campeggiolafinoria.it\/de\/wp-json\/wp\/v2\/media?parent=539"}],"curies":[{"name":"wp","href":"https:\/\/api.w.org\/{rel}","templated":true}]}}