{"id":534,"date":"2024-02-08T08:52:03","date_gmt":"2024-02-08T08:52:03","guid":{"rendered":"https:\/\/www.campeggiolafinoria.it\/mountainbiken\/"},"modified":"2024-02-19T12:23:38","modified_gmt":"2024-02-19T12:23:38","slug":"mountainbiken","status":"publish","type":"page","link":"https:\/\/www.campeggiolafinoria.it\/de\/mountainbiken\/","title":{"rendered":"Mountainbiken"},"content":{"rendered":"\t\t<div data-elementor-type=\"wp-page\" data-elementor-id=\"534\" class=\"elementor elementor-534 elementor-44\" data-elementor-post-type=\"page\">\n\t\t\t\t<div class=\"elementor-element elementor-element-fd952e2 e-flex e-con-boxed e-con e-parent\" data-id=\"fd952e2\" data-element_type=\"container\" data-e-type=\"container\">\n\t\t\t\t\t<div class=\"e-con-inner\">\n\t\t\t\t<div class=\"elementor-element elementor-element-74615db elementor-widget elementor-widget-heading\" data-id=\"74615db\" data-element_type=\"widget\" data-e-type=\"widget\" data-widget_type=\"heading.default\">\n\t\t\t\t<div class=\"elementor-widget-container\">\n\t\t\t\t\t<h1 class=\"elementor-heading-title elementor-size-default\">Mountainbiken<\/h1>\t\t\t\t<\/div>\n\t\t\t\t<\/div>\n\t\t\t\t\t<\/div>\n\t\t\t\t<\/div>\n\t\t<div class=\"elementor-element elementor-element-4e6a776 e-flex e-con-boxed e-con e-parent\" data-id=\"4e6a776\" data-element_type=\"container\" data-e-type=\"container\">\n\t\t\t\t\t<div class=\"e-con-inner\">\n\t\t\t\t<div class=\"elementor-element elementor-element-7bfbe0d elementor-widget elementor-widget-text-editor\" data-id=\"7bfbe0d\" data-element_type=\"widget\" data-e-type=\"widget\" data-widget_type=\"text-editor.default\">\n\t\t\t\t<div class=\"elementor-widget-container\">\n\t\t\t\t\t\t\t\t\t<p>Alle Mountainbikestrecken in der Maremma um Gavvorrano. Die Routen, die alle in die Natur und die Geschichte des Ortes eingebettet sind, haben unterschiedliche Schwierigkeitsgrade und sind daher sowohl f\u00fcr Familien als auch f\u00fcr Experten geeignet.<\/p>\n\t\t\t\t\t\t\t\t<\/div>\n\t\t\t\t<\/div>\n\t\t\t\t\t<\/div>\n\t\t\t\t<\/div>\n\t\t<div class=\"elementor-element elementor-element-01bdde2 e-flex e-con-boxed e-con e-parent\" data-id=\"01bdde2\" data-element_type=\"container\" data-e-type=\"container\">\n\t\t\t\t\t<div class=\"e-con-inner\">\n\t\t\t\t<div class=\"elementor-element elementor-element-5217e6f elementor-widget elementor-widget-theme-post-featured-image elementor-widget-image\" data-id=\"5217e6f\" data-element_type=\"widget\" data-e-type=\"widget\" data-widget_type=\"theme-post-featured-image.default\">\n\t\t\t\t<div class=\"elementor-widget-container\">\n\t\t\t\t\t\t\t\t\t\t\t\t\t\t\t<img fetchpriority=\"high\" decoding=\"async\" width=\"1202\" height=\"627\" src=\"https:\/\/www.campeggiolafinoria.it\/wp-content\/uploads\/2024\/02\/mountain-bike.jpg\" class=\"attachment-full size-full wp-image-394\" alt=\"\" srcset=\"https:\/\/www.campeggiolafinoria.it\/wp-content\/uploads\/2024\/02\/mountain-bike.jpg 1202w, https:\/\/www.campeggiolafinoria.it\/wp-content\/uploads\/2024\/02\/mountain-bike-300x156.jpg 300w, https:\/\/www.campeggiolafinoria.it\/wp-content\/uploads\/2024\/02\/mountain-bike-1024x534.jpg 1024w, https:\/\/www.campeggiolafinoria.it\/wp-content\/uploads\/2024\/02\/mountain-bike-768x401.jpg 768w, https:\/\/www.campeggiolafinoria.it\/wp-content\/uploads\/2024\/02\/mountain-bike-600x313.jpg 600w\" sizes=\"(max-width: 1202px) 100vw, 1202px\" \/>\t\t\t\t\t\t\t\t\t\t\t\t\t\t\t<\/div>\n\t\t\t\t<\/div>\n\t\t\t\t\t<\/div>\n\t\t\t\t<\/div>\n\t\t<div class=\"elementor-element elementor-element-cecf688 e-flex e-con-boxed e-con e-parent\" data-id=\"cecf688\" data-element_type=\"container\" data-e-type=\"container\">\n\t\t\t\t\t<div class=\"e-con-inner\">\n\t\t\t\t<div class=\"elementor-element elementor-element-a4f41c9 elementor-widget elementor-widget-text-editor\" data-id=\"a4f41c9\" data-element_type=\"widget\" data-e-type=\"widget\" data-widget_type=\"text-editor.default\">\n\t\t\t\t<div class=\"elementor-widget-container\">\n\t\t\t\t\t\t\t\t\t<ul>\n<li><span class=\"ff2 cf3 fs28\"><b>MTB &#8211;<wbr><\/wbr> Terra-<wbr><\/wbr>Mare<br \/><\/b><\/span><\/li>\n<li><span class=\"fs28 ff2 cf3\"><b>MTB &#8211;<wbr><\/wbr> &#8218;Schnaufen wie eine Lokomotive&#8216;<br \/><\/b><\/span><\/li>\n<\/ul>\n<ul>\n<li><span class=\"fs28 ff2 cf3\"><b>MTB &#8211;<wbr><\/wbr> Die Schl\u00f6sser von Gavorrano<br \/><\/b><\/span><\/li>\n<\/ul>\n<ul>\n<li><span class=\"fs28 ff2 cf3\"><b>Minen und Etrusker mit dem MTB<br \/><\/b><\/span><\/li>\n<li><span class=\"fs28 ff2 cf3\"><span class=\"fs28 ff2 cf3\"><b>Bandite di Scarlino  <\/b><\/span><\/span>\n<\/p>\n<\/li>\n<\/ul>\n<p><span class=\"ff2 cf3 fs28\">Lustige Wanderungen mit unterschiedlichen Schwierigkeitsgraden. Alle erfordern ein durchschnittliches Fahrradtraining. Die Strecken sind jedoch so angelegt, dass sie nur geringe Schwierigkeiten aufweisen.  <\/span><\/p>\n<\/p>\n<p><span class=\"ff2 cf3 fs28\">F\u00fcr jeden Ausflug k\u00f6nnen Mountainbikes gemietet werden.<\/span><\/p>\n<p><span class=\"ff2 cf3 fs28\"> <\/span><\/p>\n\t\t\t\t\t\t\t\t<\/div>\n\t\t\t\t<\/div>\n\t\t\t\t\t<\/div>\n\t\t\t\t<\/div>\n\t\t<div class=\"elementor-element elementor-element-fdf1409 e-flex e-con-boxed e-con e-parent\" data-id=\"fdf1409\" data-element_type=\"container\" data-e-type=\"container\">\n\t\t\t\t\t<div class=\"e-con-inner\">\n\t\t\t\t<div class=\"elementor-element elementor-element-5334752 elementor-widget elementor-widget-heading\" data-id=\"5334752\" data-element_type=\"widget\" data-e-type=\"widget\" data-widget_type=\"heading.default\">\n\t\t\t\t<div class=\"elementor-widget-container\">\n\t\t\t\t\t<h2 class=\"elementor-heading-title elementor-size-default\">Radrouten von Gavorrano nach Bandite di Scarlino  <\/h2>\t\t\t\t<\/div>\n\t\t\t\t<\/div>\n\t\t\t\t\t<\/div>\n\t\t\t\t<\/div>\n\t\t<div class=\"elementor-element elementor-element-3471bfb e-flex e-con-boxed e-con e-parent\" data-id=\"3471bfb\" data-element_type=\"container\" data-e-type=\"container\">\n\t\t\t\t\t<div class=\"e-con-inner\">\n\t\t\t\t<div class=\"elementor-element elementor-element-996c4b1 elementor-widget elementor-widget-text-editor\" data-id=\"996c4b1\" data-element_type=\"widget\" data-e-type=\"widget\" data-widget_type=\"text-editor.default\">\n\t\t\t\t<div class=\"elementor-widget-container\">\n\t\t\t\t\t\t\t\t\t<p>Das <b>Bandite di Scarlino<\/b> ist ein beeindruckender 8700 Hektar gro\u00dfer Waldkomplex s\u00fcdlich von Follonica und erstreckt sich zwischen den Gemeinden Castiglione della Pescaia, Follonica, Gavorrano und Scarlino.<\/p>\n<p>Der Naturpark verf\u00fcgt \u00fcber ein ausgedehntes Wegenetz, das von vielen Radfahrern der Region genutzt wird. Die m\u00f6glichen Routen sind alle markiert und weisen drei verschiedene Gel\u00e4ndetypen auf: Forststra\u00dfen und Saumpfade, Wege und Feuerschneisen.<\/p>\n<p>Von Gavorrano aus gibt es eine Route, die nach Bandite di Scarlino f\u00fchrt, vorzugsweise mit dem MTB zu bew\u00e4ltigen ist und als m\u00e4\u00dfig anspruchsvoll gilt. Diese Strecke umfasst etwa 20 km hin und ebenso viel zur\u00fcck, abgesehen von Umwegen.<\/p>\n<p>Der Gesamth\u00f6henunterschied betr\u00e4gt etwa 500 Meter und kann daher eine Herausforderung darstellen, vor allem bei den Steigungen, aber das sollte einen erfahrenen Radfahrer nicht entmutigen, der die Strecke in etwa eineinhalb bis zwei Stunden bew\u00e4ltigen kann. Dabei sind die Zwischenstopps und Umwege nicht ber\u00fccksichtigt, um die Natursch\u00f6nheiten der Bandite di Scarlino oder die sch\u00f6nen D\u00f6rfer entlang des Weges zu entdecken und zu bewundern; die gesamte Rundfahrt sollte zwischen drei und vier Stunden dauern.<\/p>\n<\/p>\n<h3>Die Zwischenschritte sind wie folgt:<\/h3>\n<p><b> <\/b><\/p>\n<ul>\n<li><b>Roccatederighi: ein<\/b> eindrucksvolles mittelalterliches Dorf, das auf charakteristischen vulkanischen Steinbl\u00f6cken thront und von m\u00e4chtigen Mauern umgeben ist. Es befindet sich in einer dominanten Lage mit einem Panoramablick, der von der alten Festung bis zum Meer und den Inseln Giglio und Elba reicht.\n<\/li>\n<li><b style=\"text-align: var(--text-align);\">Giuncarico: <\/b><span style=\"text-align: var(--text-align);\">Ein kleines Dorf auf einem H\u00fcgel, das vermutlich im fr\u00fchen Mittelalter erbaut wurde. Das kreisf\u00f6rmige historische Zentrum ist von mittelalterlichen Mauern umgeben.\n<p><\/span><\/li>\n<li><b style=\"text-align: var(--text-align);\">Caldana<\/b>, ein<span style=\"text-align: var(--text-align);\"> kleines Dorf im h\u00fcgeligen Hinterland, ist unglaublich reich an architektonischen Sch\u00e4tzen <\/span>. Bis 1970 wurde im Steinbruch von Portasanta Fallani ein brekzi\u00f6ser Marmor von zartroter, fast rosa Farbe abgebaut.<\/li>\n<\/ul>\n\t\t\t\t\t\t\t\t<\/div>\n\t\t\t\t<\/div>\n\t\t\t\t\t<\/div>\n\t\t\t\t<\/div>\n\t\t<div class=\"elementor-element elementor-element-4f0d605 e-flex e-con-boxed e-con e-parent\" data-id=\"4f0d605\" data-element_type=\"container\" data-e-type=\"container\">\n\t\t\t\t\t<div class=\"e-con-inner\">\n\t\t\t\t<div class=\"elementor-element elementor-element-ed300fa elementor-widget elementor-widget-spacer\" data-id=\"ed300fa\" data-element_type=\"widget\" data-e-type=\"widget\" data-widget_type=\"spacer.default\">\n\t\t\t\t<div class=\"elementor-widget-container\">\n\t\t\t\t\t\t\t<div class=\"elementor-spacer\">\n\t\t\t<div class=\"elementor-spacer-inner\"><\/div>\n\t\t<\/div>\n\t\t\t\t\t\t<\/div>\n\t\t\t\t<\/div>\n\t\t\t\t\t<\/div>\n\t\t\t\t<\/div>\n\t\t\t\t<\/div>\n\t\t","protected":false},"excerpt":{"rendered":"<p>Mountainbiken Alle Mountainbikestrecken in der Maremma um Gavvorrano. Die Routen, die alle in die Natur und die Geschichte des Ortes eingebettet sind, haben unterschiedliche Schwierigkeitsgrade und sind daher sowohl f\u00fcr Familien als auch f\u00fcr Experten geeignet. MTB &#8211; Terra-Mare MTB &#8211; &#8218;Schnaufen wie eine Lokomotive&#8216; MTB &#8211; Die Schl\u00f6sser von Gavorrano Minen und Etrusker mit [&hellip;]<\/p>\n","protected":false},"author":1,"featured_media":394,"parent":0,"menu_order":0,"comment_status":"closed","ping_status":"closed","template":"","meta":{"footnotes":""},"class_list":["post-534","page","type-page","status-publish","has-post-thumbnail","hentry"],"_links":{"self":[{"href":"https:\/\/www.campeggiolafinoria.it\/de\/wp-json\/wp\/v2\/pages\/534","targetHints":{"allow":["GET"]}}],"collection":[{"href":"https:\/\/www.campeggiolafinoria.it\/de\/wp-json\/wp\/v2\/pages"}],"about":[{"href":"https:\/\/www.campeggiolafinoria.it\/de\/wp-json\/wp\/v2\/types\/page"}],"author":[{"embeddable":true,"href":"https:\/\/www.campeggiolafinoria.it\/de\/wp-json\/wp\/v2\/users\/1"}],"replies":[{"embeddable":true,"href":"https:\/\/www.campeggiolafinoria.it\/de\/wp-json\/wp\/v2\/comments?post=534"}],"version-history":[{"count":6,"href":"https:\/\/www.campeggiolafinoria.it\/de\/wp-json\/wp\/v2\/pages\/534\/revisions"}],"predecessor-version":[{"id":593,"href":"https:\/\/www.campeggiolafinoria.it\/de\/wp-json\/wp\/v2\/pages\/534\/revisions\/593"}],"wp:featuredmedia":[{"embeddable":true,"href":"https:\/\/www.campeggiolafinoria.it\/de\/wp-json\/wp\/v2\/media\/394"}],"wp:attachment":[{"href":"https:\/\/www.campeggiolafinoria.it\/de\/wp-json\/wp\/v2\/media?parent=534"}],"curies":[{"name":"wp","href":"https:\/\/api.w.org\/{rel}","templated":true}]}}