{"id":523,"date":"2024-02-08T14:18:21","date_gmt":"2024-02-08T14:18:21","guid":{"rendered":"https:\/\/www.campeggiolafinoria.it\/der-campingplatz-ist-das-ganze-jahr-ueber-geoeffnet\/"},"modified":"2024-02-19T12:23:38","modified_gmt":"2024-02-19T12:23:38","slug":"der-campingplatz-ist-das-ganze-jahr-ueber-geoeffnet","status":"publish","type":"page","link":"https:\/\/www.campeggiolafinoria.it\/de\/der-campingplatz-ist-das-ganze-jahr-ueber-geoeffnet\/","title":{"rendered":"Der Campingplatz ist das ganze Jahr \u00fcber ge\u00f6ffnet"},"content":{"rendered":"<p>Es ist das ganze Jahr \u00fcber ge\u00f6ffnet, weil das Klima der Maremma dies erm\u00f6glicht. Jede Saison bietet &#8222;Finoria&#8220; unwiederholbare M\u00f6glichkeiten f\u00fcr Tourismus und Erholung: Zun\u00e4chst einmal liegt es in einer der interessantesten Gegenden der toskanischen Maremma, in der N\u00e4he von wertvollen mittelalterlichen Zentren (Massa Marittima, Suvereto, Campiglia, Montemassi&#8230;), wichtigen arch\u00e4ologischen St\u00e4tten (Populonia, Vetulonia, Roselle&#8230;) und dem Zentrum eines komplexen Systems von Naturparks.), zu bedeutenden arch\u00e4ologischen St\u00e4tten (Populonia, Vetulonia, Roselle) und zum Zentrum eines komplexen Systems von Naturparks. In Finoria werden dann Ausfl\u00fcge zu Pferd, zu Fu\u00df, mit dem Mountainbike auf Pfaden, die mit dem Auto nicht zu erreichen sind, und sogar Seeexkursionen mit Segelschiffen organisiert, die vom Golf von Follonica aus die Insel Elba und die anderen Inseln des toskanischen Archipels erreichen.<\/p>\n<p>Auf der &#8222;Finoria&#8220; kann man sich an der Ernte von Kastanien (im Oktober), Oliven (im November), Erdbeeren und Waldbeeren (im Mai) und Manna (im Juli) beteiligen und im Gegenzug gemeinsam \u00d6le und Marmeladen herstellen lassen.<\/p>\n<p>Sportanlagen (Schwimmb\u00e4der, Tennis, Bogenschie\u00dfen) vervollst\u00e4ndigen das Dorf, und die Tage vergehen auf angenehme Weise. Das Dorf verf\u00fcgt auch \u00fcber gro\u00dfz\u00fcgige und gut ausgestattete R\u00e4ume (Werkst\u00e4tten, Bibliothek, Konferenzraum, Atelier) f\u00fcr Gruppen oder Vereinigungen, die sich zu Schulungs- oder Studienzwecken in &#8222;Finoria&#8220; aufhalten.<\/p>\n","protected":false},"excerpt":{"rendered":"<p>Es ist das ganze Jahr \u00fcber ge\u00f6ffnet, weil das Klima der Maremma dies erm\u00f6glicht. Jede Saison bietet &#8222;Finoria&#8220; unwiederholbare M\u00f6glichkeiten f\u00fcr Tourismus und Erholung: Zun\u00e4chst einmal liegt es in einer der interessantesten Gegenden der toskanischen Maremma, in der N\u00e4he von wertvollen mittelalterlichen Zentren (Massa Marittima, Suvereto, Campiglia, Montemassi&#8230;), wichtigen arch\u00e4ologischen St\u00e4tten (Populonia, Vetulonia, Roselle&#8230;) und [&hellip;]<\/p>\n","protected":false},"author":1,"featured_media":0,"parent":0,"menu_order":0,"comment_status":"closed","ping_status":"closed","template":"","meta":{"footnotes":""},"class_list":["post-523","page","type-page","status-publish","hentry"],"_links":{"self":[{"href":"https:\/\/www.campeggiolafinoria.it\/de\/wp-json\/wp\/v2\/pages\/523","targetHints":{"allow":["GET"]}}],"collection":[{"href":"https:\/\/www.campeggiolafinoria.it\/de\/wp-json\/wp\/v2\/pages"}],"about":[{"href":"https:\/\/www.campeggiolafinoria.it\/de\/wp-json\/wp\/v2\/types\/page"}],"author":[{"embeddable":true,"href":"https:\/\/www.campeggiolafinoria.it\/de\/wp-json\/wp\/v2\/users\/1"}],"replies":[{"embeddable":true,"href":"https:\/\/www.campeggiolafinoria.it\/de\/wp-json\/wp\/v2\/comments?post=523"}],"version-history":[{"count":1,"href":"https:\/\/www.campeggiolafinoria.it\/de\/wp-json\/wp\/v2\/pages\/523\/revisions"}],"predecessor-version":[{"id":551,"href":"https:\/\/www.campeggiolafinoria.it\/de\/wp-json\/wp\/v2\/pages\/523\/revisions\/551"}],"wp:attachment":[{"href":"https:\/\/www.campeggiolafinoria.it\/de\/wp-json\/wp\/v2\/media?parent=523"}],"curies":[{"name":"wp","href":"https:\/\/api.w.org\/{rel}","templated":true}]}}