{"id":508,"date":"2024-02-08T08:54:43","date_gmt":"2024-02-08T08:54:43","guid":{"rendered":"https:\/\/www.campeggiolafinoria.it\/wo-wir-sind\/"},"modified":"2024-02-19T12:23:39","modified_gmt":"2024-02-19T12:23:39","slug":"wo-wir-sind","status":"publish","type":"page","link":"https:\/\/www.campeggiolafinoria.it\/de\/wo-wir-sind\/","title":{"rendered":"Wo wir sind"},"content":{"rendered":"\t\t<div data-elementor-type=\"wp-page\" data-elementor-id=\"508\" class=\"elementor elementor-508 elementor-50\" data-elementor-post-type=\"page\">\n\t\t\t\t<div class=\"elementor-element elementor-element-e090e84 e-flex e-con-boxed e-con e-parent\" data-id=\"e090e84\" data-element_type=\"container\" data-e-type=\"container\">\n\t\t\t\t\t<div class=\"e-con-inner\">\n\t\t\t\t<div class=\"elementor-element elementor-element-ef80314 elementor-widget elementor-widget-heading\" data-id=\"ef80314\" data-element_type=\"widget\" data-e-type=\"widget\" data-widget_type=\"heading.default\">\n\t\t\t\t<div class=\"elementor-widget-container\">\n\t\t\t\t\t<h1 class=\"elementor-heading-title elementor-size-default\">Wo wir sind<\/h1>\t\t\t\t<\/div>\n\t\t\t\t<\/div>\n\t\t\t\t\t<\/div>\n\t\t\t\t<\/div>\n\t\t<div class=\"elementor-element elementor-element-6d522fcd e-flex e-con-boxed e-con e-parent\" data-id=\"6d522fcd\" data-element_type=\"container\" data-e-type=\"container\">\n\t\t\t\t\t<div class=\"e-con-inner\">\n\t\t\t\t<div class=\"elementor-element elementor-element-5148f10a elementor-widget elementor-widget-text-editor\" data-id=\"5148f10a\" data-element_type=\"widget\" data-e-type=\"widget\" data-widget_type=\"text-editor.default\">\n\t\t\t\t<div class=\"elementor-widget-container\">\n\t\t\t\t\t\t\t\t\t<p>La Finoria liegt in Gavorrano, in der n\u00f6rdlichen Maremma, in einer der interessantesten Gegenden der Toskana, nur einen Steinwurf von den Str\u00e4nden des Golfs von Follonica entfernt, aber auch in der N\u00e4he von wertvollen mittelalterlichen Zentren (Massa Marittima, Scarlino, Suvereto, Campiglia M., Montemassi&#8230;) und wichtigen arch\u00e4ologischen St\u00e4tten (Vetulonia, Populonia, Roselle). Gavorrano ist das Haupteingangstor zum Nationalpark Colline Metallifere (UNESCO-Geopark) und steht im Zentrum eines reichhaltigen Systems von Parks und Naturschutzgebieten.<\/p>\n<p>In &#8222;Finoria&#8220; werden Wanderungen auf Wegen organisiert, die mit dem Auto nicht erreichbar sind. Von den H\u00e4fen der Gegend aus werden Bootsausfl\u00fcge von der K\u00fcste zur Insel Elba und zu den anderen Inseln des Toskanischen Archipels organisiert.<\/p>\n<p>Sportanlagen (Schwimmb\u00e4der, Bogenschie\u00dfen) vervollst\u00e4ndigen das Dorf, und die Tage vergehen auf angenehme Weise. Das Dorf verf\u00fcgt auch \u00fcber gro\u00dfz\u00fcgige und gut ausgestattete R\u00e4ume (Werkst\u00e4tten, Bibliothek, Konferenzraum, Atelier) f\u00fcr Gruppen oder Vereinigungen, die sich zu Schulungs- oder Studienzwecken in &#8222;Finoria&#8220; aufhalten.<\/p>\n\t\t\t\t\t\t\t\t<\/div>\n\t\t\t\t<\/div>\n\t\t\t\t\t<\/div>\n\t\t\t\t<\/div>\n\t\t<div class=\"elementor-element elementor-element-a8aab77 e-flex e-con-boxed e-con e-parent\" data-id=\"a8aab77\" data-element_type=\"container\" data-e-type=\"container\">\n\t\t\t\t\t<div class=\"e-con-inner\">\n\t\t\t\t<div class=\"elementor-element elementor-element-d61a330 elementor-widget elementor-widget-spacer\" data-id=\"d61a330\" data-element_type=\"widget\" data-e-type=\"widget\" data-widget_type=\"spacer.default\">\n\t\t\t\t<div class=\"elementor-widget-container\">\n\t\t\t\t\t\t\t<div class=\"elementor-spacer\">\n\t\t\t<div class=\"elementor-spacer-inner\"><\/div>\n\t\t<\/div>\n\t\t\t\t\t\t<\/div>\n\t\t\t\t<\/div>\n\t\t\t\t\t<\/div>\n\t\t\t\t<\/div>\n\t\t\t\t<\/div>\n\t\t","protected":false},"excerpt":{"rendered":"<p>Wo wir sind La Finoria liegt in Gavorrano, in der n\u00f6rdlichen Maremma, in einer der interessantesten Gegenden der Toskana, nur einen Steinwurf von den Str\u00e4nden des Golfs von Follonica entfernt, aber auch in der N\u00e4he von wertvollen mittelalterlichen Zentren (Massa Marittima, Scarlino, Suvereto, Campiglia M., Montemassi&#8230;) und wichtigen arch\u00e4ologischen St\u00e4tten (Vetulonia, Populonia, Roselle). Gavorrano ist [&hellip;]<\/p>\n","protected":false},"author":1,"featured_media":0,"parent":0,"menu_order":0,"comment_status":"closed","ping_status":"closed","template":"","meta":{"footnotes":""},"class_list":["post-508","page","type-page","status-publish","hentry"],"_links":{"self":[{"href":"https:\/\/www.campeggiolafinoria.it\/de\/wp-json\/wp\/v2\/pages\/508","targetHints":{"allow":["GET"]}}],"collection":[{"href":"https:\/\/www.campeggiolafinoria.it\/de\/wp-json\/wp\/v2\/pages"}],"about":[{"href":"https:\/\/www.campeggiolafinoria.it\/de\/wp-json\/wp\/v2\/types\/page"}],"author":[{"embeddable":true,"href":"https:\/\/www.campeggiolafinoria.it\/de\/wp-json\/wp\/v2\/users\/1"}],"replies":[{"embeddable":true,"href":"https:\/\/www.campeggiolafinoria.it\/de\/wp-json\/wp\/v2\/comments?post=508"}],"version-history":[{"count":3,"href":"https:\/\/www.campeggiolafinoria.it\/de\/wp-json\/wp\/v2\/pages\/508\/revisions"}],"predecessor-version":[{"id":597,"href":"https:\/\/www.campeggiolafinoria.it\/de\/wp-json\/wp\/v2\/pages\/508\/revisions\/597"}],"wp:attachment":[{"href":"https:\/\/www.campeggiolafinoria.it\/de\/wp-json\/wp\/v2\/media?parent=508"}],"curies":[{"name":"wp","href":"https:\/\/api.w.org\/{rel}","templated":true}]}}