{"id":445,"date":"2024-02-08T08:52:50","date_gmt":"2024-02-08T08:52:50","guid":{"rendered":"https:\/\/www.campeggiolafinoria.it\/grundstuecke\/"},"modified":"2024-02-19T11:50:25","modified_gmt":"2024-02-19T11:50:25","slug":"grundstuecke","status":"publish","type":"page","link":"https:\/\/www.campeggiolafinoria.it\/de\/grundstuecke\/","title":{"rendered":"Grundst\u00fccke"},"content":{"rendered":"\t\t<div data-elementor-type=\"wp-page\" data-elementor-id=\"445\" class=\"elementor elementor-445 elementor-46\" data-elementor-post-type=\"page\">\n\t\t\t\t<div class=\"elementor-element elementor-element-012e61e e-flex e-con-boxed e-con e-parent\" data-id=\"012e61e\" data-element_type=\"container\" data-e-type=\"container\">\n\t\t\t\t\t<div class=\"e-con-inner\">\n\t\t\t\t<div class=\"elementor-element elementor-element-beaf014 elementor-widget elementor-widget-heading\" data-id=\"beaf014\" data-element_type=\"widget\" data-e-type=\"widget\" data-widget_type=\"heading.default\">\n\t\t\t\t<div class=\"elementor-widget-container\">\n\t\t\t\t\t<h1 class=\"elementor-heading-title elementor-size-default\">Grundst\u00fccke<\/h1>\t\t\t\t<\/div>\n\t\t\t\t<\/div>\n\t\t\t\t\t<\/div>\n\t\t\t\t<\/div>\n\t\t<div class=\"elementor-element elementor-element-ec98fe3 e-flex e-con-boxed e-con e-parent\" data-id=\"ec98fe3\" data-element_type=\"container\" data-e-type=\"container\">\n\t\t\t\t\t<div class=\"e-con-inner\">\n\t\t\t\t<div class=\"elementor-element elementor-element-b6d8e5d elementor-widget elementor-widget-theme-post-featured-image elementor-widget-image\" data-id=\"b6d8e5d\" data-element_type=\"widget\" data-e-type=\"widget\" data-widget_type=\"theme-post-featured-image.default\">\n\t\t\t\t<div class=\"elementor-widget-container\">\n\t\t\t\t\t\t\t\t\t\t\t\t\t\t\t<img fetchpriority=\"high\" decoding=\"async\" width=\"800\" height=\"417\" src=\"https:\/\/www.campeggiolafinoria.it\/wp-content\/uploads\/2024\/02\/piazzole-1024x534.jpg\" class=\"attachment-large size-large wp-image-398\" alt=\"\" srcset=\"https:\/\/www.campeggiolafinoria.it\/wp-content\/uploads\/2024\/02\/piazzole-1024x534.jpg 1024w, https:\/\/www.campeggiolafinoria.it\/wp-content\/uploads\/2024\/02\/piazzole-300x156.jpg 300w, https:\/\/www.campeggiolafinoria.it\/wp-content\/uploads\/2024\/02\/piazzole-768x401.jpg 768w, https:\/\/www.campeggiolafinoria.it\/wp-content\/uploads\/2024\/02\/piazzole-600x313.jpg 600w, https:\/\/www.campeggiolafinoria.it\/wp-content\/uploads\/2024\/02\/piazzole.jpg 1202w\" sizes=\"(max-width: 800px) 100vw, 800px\" \/>\t\t\t\t\t\t\t\t\t\t\t\t\t\t\t<\/div>\n\t\t\t\t<\/div>\n\t\t\t\t\t<\/div>\n\t\t\t\t<\/div>\n\t\t<div class=\"elementor-element elementor-element-c9e9f0c e-flex e-con-boxed e-con e-parent\" data-id=\"c9e9f0c\" data-element_type=\"container\" data-e-type=\"container\">\n\t\t\t\t\t<div class=\"e-con-inner\">\n\t\t\t\t<div class=\"elementor-element elementor-element-33c0c025 elementor-widget elementor-widget-text-editor\" data-id=\"33c0c025\" data-element_type=\"widget\" data-e-type=\"widget\" data-widget_type=\"text-editor.default\">\n\t\t\t\t<div class=\"elementor-widget-container\">\n\t\t\t\t\t\t\t\t\t<h2 id=\"imBreadcrumb\">Stellpl\u00e4tze inmitten von B\u00e4umen<\/h2>\n<div>\n<div id=\"imCell_3\" class=\"imGrid[0, 0]\">\n<div><\/div>\n<div id=\"imCellStyleGraphics_3\">Die schattigen Stellpl\u00e4tze, die von Steineichen, Korkeichen und Kastanien ges\u00e4umt werden, sind f\u00fcr die Unterbringung von Zelten und Wohnwagen vorgesehen.<\/div>\n<\/div>\n<\/div>\n<div>\n<div id=\"imCell_2\" class=\"imGrid[0, 0]\">\n<div id=\"imCellStyle_2\">\n<div id=\"imTextObject_2_tab0\" class=\"text-tab-content\">\n<div class=\"text-inner\">\n\n<span class=\"ff1 cf3 fs28\">Jeder Stellplatz hat einen Stromanschluss.\nDie sanit\u00e4ren Anlagen sind mit Waschbecken, Duschkabinen und Geschirrsp\u00fclbecken ausgestattet.<\/span>\n\n<\/div>\n<\/div>\n<\/div>\n<\/div>\n<\/div>\t\t\t\t\t\t\t\t<\/div>\n\t\t\t\t<\/div>\n\t\t\t\t\t<\/div>\n\t\t\t\t<\/div>\n\t\t<div class=\"elementor-element elementor-element-f56e929 e-flex e-con-boxed e-con e-parent\" data-id=\"f56e929\" data-element_type=\"container\" data-e-type=\"container\">\n\t\t\t\t\t<div class=\"e-con-inner\">\n\t\t\t\t<div class=\"elementor-element elementor-element-1dcf759 elementor-widget elementor-widget-spacer\" data-id=\"1dcf759\" data-element_type=\"widget\" data-e-type=\"widget\" data-widget_type=\"spacer.default\">\n\t\t\t\t<div class=\"elementor-widget-container\">\n\t\t\t\t\t\t\t<div class=\"elementor-spacer\">\n\t\t\t<div class=\"elementor-spacer-inner\"><\/div>\n\t\t<\/div>\n\t\t\t\t\t\t<\/div>\n\t\t\t\t<\/div>\n\t\t\t\t\t<\/div>\n\t\t\t\t<\/div>\n\t\t\t\t<\/div>\n\t\t","protected":false},"excerpt":{"rendered":"<p>Grundst\u00fccke Stellpl\u00e4tze inmitten von B\u00e4umen Die schattigen Stellpl\u00e4tze, die von Steineichen, Korkeichen und Kastanien ges\u00e4umt werden, sind f\u00fcr die Unterbringung von Zelten und Wohnwagen vorgesehen. Jeder Stellplatz hat einen Stromanschluss. Die sanit\u00e4ren Anlagen sind mit Waschbecken, Duschkabinen und Geschirrsp\u00fclbecken ausgestattet.<\/p>\n","protected":false},"author":1,"featured_media":398,"parent":0,"menu_order":0,"comment_status":"closed","ping_status":"closed","template":"","meta":{"footnotes":""},"class_list":["post-445","page","type-page","status-publish","has-post-thumbnail","hentry"],"_links":{"self":[{"href":"https:\/\/www.campeggiolafinoria.it\/de\/wp-json\/wp\/v2\/pages\/445","targetHints":{"allow":["GET"]}}],"collection":[{"href":"https:\/\/www.campeggiolafinoria.it\/de\/wp-json\/wp\/v2\/pages"}],"about":[{"href":"https:\/\/www.campeggiolafinoria.it\/de\/wp-json\/wp\/v2\/types\/page"}],"author":[{"embeddable":true,"href":"https:\/\/www.campeggiolafinoria.it\/de\/wp-json\/wp\/v2\/users\/1"}],"replies":[{"embeddable":true,"href":"https:\/\/www.campeggiolafinoria.it\/de\/wp-json\/wp\/v2\/comments?post=445"}],"version-history":[{"count":2,"href":"https:\/\/www.campeggiolafinoria.it\/de\/wp-json\/wp\/v2\/pages\/445\/revisions"}],"predecessor-version":[{"id":450,"href":"https:\/\/www.campeggiolafinoria.it\/de\/wp-json\/wp\/v2\/pages\/445\/revisions\/450"}],"wp:featuredmedia":[{"embeddable":true,"href":"https:\/\/www.campeggiolafinoria.it\/de\/wp-json\/wp\/v2\/media\/398"}],"wp:attachment":[{"href":"https:\/\/www.campeggiolafinoria.it\/de\/wp-json\/wp\/v2\/media?parent=445"}],"curies":[{"name":"wp","href":"https:\/\/api.w.org\/{rel}","templated":true}]}}