{"id":441,"date":"2024-02-08T08:51:03","date_gmt":"2024-02-08T08:51:03","guid":{"rendered":"https:\/\/www.campeggiolafinoria.it\/chalet\/"},"modified":"2024-02-19T11:50:25","modified_gmt":"2024-02-19T11:50:25","slug":"chalet","status":"publish","type":"page","link":"https:\/\/www.campeggiolafinoria.it\/de\/chalet\/","title":{"rendered":"Chalet"},"content":{"rendered":"\t\t<div data-elementor-type=\"wp-page\" data-elementor-id=\"441\" class=\"elementor elementor-441 elementor-42\" data-elementor-post-type=\"page\">\n\t\t\t\t<div class=\"elementor-element elementor-element-5b47ade e-flex e-con-boxed e-con e-parent\" data-id=\"5b47ade\" data-element_type=\"container\" data-e-type=\"container\">\n\t\t\t\t\t<div class=\"e-con-inner\">\n\t\t\t\t<div class=\"elementor-element elementor-element-914b164 elementor-widget elementor-widget-heading\" data-id=\"914b164\" data-element_type=\"widget\" data-e-type=\"widget\" data-widget_type=\"heading.default\">\n\t\t\t\t<div class=\"elementor-widget-container\">\n\t\t\t\t\t<h1 class=\"elementor-heading-title elementor-size-default\">Chalet<\/h1>\t\t\t\t<\/div>\n\t\t\t\t<\/div>\n\t\t\t\t\t<\/div>\n\t\t\t\t<\/div>\n\t\t<div class=\"elementor-element elementor-element-1a508198 e-flex e-con-boxed e-con e-parent\" data-id=\"1a508198\" data-element_type=\"container\" data-e-type=\"container\">\n\t\t\t\t\t<div class=\"e-con-inner\">\n\t\t\t\t<div class=\"elementor-element elementor-element-27b7407d elementor-widget__width-initial elementor-widget elementor-widget-text-editor\" data-id=\"27b7407d\" data-element_type=\"widget\" data-e-type=\"widget\" data-widget_type=\"text-editor.default\">\n\t\t\t\t<div class=\"elementor-widget-container\">\n\t\t\t\t\t\t\t\t\t<h2 id=\"imBreadcrumb\">Unterkunft in Gavorrano<\/h2>\n<div>\n<div id=\"imCell_1\" class=\"imGrid[0, 0]\">\n<div id=\"imCellStyle_1\">\n<div id=\"imTextObject_1_tab0\" class=\"text-tab-content\">\n<div class=\"text-inner\">\n\n<span class=\"ff1 cf3 fs28\">Inmitten des mediterranen Waldes und des Olivenhains befinden sich in ruhigen, schattigen Bereichen gem\u00fctliche Chalets aus Holz und Mauerwerk, die f\u00fcr 80 Personen ausgelegt sind (2<wbr><\/wbr>3 oder 4<wbr><\/wbr>5 Personen pro Chalet). Die komplett eingerichteten Chalets bestehen aus einem Schlafzimmer (1 oder 2), einem Badezimmer (mit Duschkabine), einer ausgestatteten K\u00fcche und einem unabh\u00e4ngigen Heizungssystem.\nDrau\u00dfen gibt es eine gem\u00fctliche Veranda mit Tisch und B\u00e4nken. 3 Chalets sind mit einem gro\u00dfen Holzgehege f\u00fcr Ihre Hunde ausgestattet.<\/span>\n\n<\/div>\n<\/div>\n<\/div>\n<\/div>\n<\/div>\t\t\t\t\t\t\t\t<\/div>\n\t\t\t\t<\/div>\n\t\t\t\t<div class=\"elementor-element elementor-element-4657df1 elementor-widget elementor-widget-theme-post-featured-image elementor-widget-image\" data-id=\"4657df1\" data-element_type=\"widget\" data-e-type=\"widget\" data-widget_type=\"theme-post-featured-image.default\">\n\t\t\t\t<div class=\"elementor-widget-container\">\n\t\t\t\t\t\t\t\t\t\t\t\t\t\t\t<img fetchpriority=\"high\" decoding=\"async\" width=\"501\" height=\"330\" src=\"https:\/\/www.campeggiolafinoria.it\/wp-content\/uploads\/2024\/02\/chalet.jpg\" class=\"attachment-large size-large wp-image-384\" alt=\"\" srcset=\"https:\/\/www.campeggiolafinoria.it\/wp-content\/uploads\/2024\/02\/chalet.jpg 501w, https:\/\/www.campeggiolafinoria.it\/wp-content\/uploads\/2024\/02\/chalet-300x198.jpg 300w\" sizes=\"(max-width: 501px) 100vw, 501px\" \/>\t\t\t\t\t\t\t\t\t\t\t\t\t\t\t<\/div>\n\t\t\t\t<\/div>\n\t\t\t\t\t<\/div>\n\t\t\t\t<\/div>\n\t\t<div class=\"elementor-element elementor-element-f27bb3d e-flex e-con-boxed e-con e-parent\" data-id=\"f27bb3d\" data-element_type=\"container\" data-e-type=\"container\">\n\t\t\t\t\t<div class=\"e-con-inner\">\n\t\t\t\t<div class=\"elementor-element elementor-element-d060a99 elementor-widget elementor-widget-spacer\" data-id=\"d060a99\" data-element_type=\"widget\" data-e-type=\"widget\" data-widget_type=\"spacer.default\">\n\t\t\t\t<div class=\"elementor-widget-container\">\n\t\t\t\t\t\t\t<div class=\"elementor-spacer\">\n\t\t\t<div class=\"elementor-spacer-inner\"><\/div>\n\t\t<\/div>\n\t\t\t\t\t\t<\/div>\n\t\t\t\t<\/div>\n\t\t\t\t\t<\/div>\n\t\t\t\t<\/div>\n\t\t\t\t<\/div>\n\t\t","protected":false},"excerpt":{"rendered":"<p>Chalet Unterkunft in Gavorrano Inmitten des mediterranen Waldes und des Olivenhains befinden sich in ruhigen, schattigen Bereichen gem\u00fctliche Chalets aus Holz und Mauerwerk, die f\u00fcr 80 Personen ausgelegt sind (23 oder 45 Personen pro Chalet). Die komplett eingerichteten Chalets bestehen aus einem Schlafzimmer (1 oder 2), einem Badezimmer (mit Duschkabine), einer ausgestatteten K\u00fcche und einem [&hellip;]<\/p>\n","protected":false},"author":1,"featured_media":384,"parent":0,"menu_order":0,"comment_status":"closed","ping_status":"closed","template":"","meta":{"footnotes":""},"class_list":["post-441","page","type-page","status-publish","has-post-thumbnail","hentry"],"_links":{"self":[{"href":"https:\/\/www.campeggiolafinoria.it\/de\/wp-json\/wp\/v2\/pages\/441","targetHints":{"allow":["GET"]}}],"collection":[{"href":"https:\/\/www.campeggiolafinoria.it\/de\/wp-json\/wp\/v2\/pages"}],"about":[{"href":"https:\/\/www.campeggiolafinoria.it\/de\/wp-json\/wp\/v2\/types\/page"}],"author":[{"embeddable":true,"href":"https:\/\/www.campeggiolafinoria.it\/de\/wp-json\/wp\/v2\/users\/1"}],"replies":[{"embeddable":true,"href":"https:\/\/www.campeggiolafinoria.it\/de\/wp-json\/wp\/v2\/comments?post=441"}],"version-history":[{"count":2,"href":"https:\/\/www.campeggiolafinoria.it\/de\/wp-json\/wp\/v2\/pages\/441\/revisions"}],"predecessor-version":[{"id":449,"href":"https:\/\/www.campeggiolafinoria.it\/de\/wp-json\/wp\/v2\/pages\/441\/revisions\/449"}],"wp:featuredmedia":[{"embeddable":true,"href":"https:\/\/www.campeggiolafinoria.it\/de\/wp-json\/wp\/v2\/media\/384"}],"wp:attachment":[{"href":"https:\/\/www.campeggiolafinoria.it\/de\/wp-json\/wp\/v2\/media?parent=441"}],"curies":[{"name":"wp","href":"https:\/\/api.w.org\/{rel}","templated":true}]}}