{"id":436,"date":"2024-02-08T08:42:05","date_gmt":"2024-02-08T08:42:05","guid":{"rendered":"https:\/\/www.campeggiolafinoria.it\/4-beinige-freunde\/"},"modified":"2024-02-19T11:50:23","modified_gmt":"2024-02-19T11:50:23","slug":"4-beinige-freunde","status":"publish","type":"page","link":"https:\/\/www.campeggiolafinoria.it\/de\/4-beinige-freunde\/","title":{"rendered":"4-beinige Freunde"},"content":{"rendered":"\t\t<div data-elementor-type=\"wp-page\" data-elementor-id=\"436\" class=\"elementor elementor-436 elementor-36\" data-elementor-post-type=\"page\">\n\t\t\t\t<div class=\"elementor-element elementor-element-4208b04 e-flex e-con-boxed e-con e-parent\" data-id=\"4208b04\" data-element_type=\"container\" data-e-type=\"container\">\n\t\t\t\t\t<div class=\"e-con-inner\">\n\t\t\t\t<div class=\"elementor-element elementor-element-afdf79a elementor-widget elementor-widget-heading\" data-id=\"afdf79a\" data-element_type=\"widget\" data-e-type=\"widget\" data-widget_type=\"heading.default\">\n\t\t\t\t<div class=\"elementor-widget-container\">\n\t\t\t\t\t<h1 class=\"elementor-heading-title elementor-size-default\">Vierbeinige Freunde<\/h1>\t\t\t\t<\/div>\n\t\t\t\t<\/div>\n\t\t\t\t\t<\/div>\n\t\t\t\t<\/div>\n\t\t<div class=\"elementor-element elementor-element-be461de e-flex e-con-boxed e-con e-parent\" data-id=\"be461de\" data-element_type=\"container\" data-e-type=\"container\">\n\t\t\t\t\t<div class=\"e-con-inner\">\n\t\t\t\t<div class=\"elementor-element elementor-element-1b88364 elementor-widget elementor-widget-theme-post-featured-image elementor-widget-image\" data-id=\"1b88364\" data-element_type=\"widget\" data-e-type=\"widget\" data-widget_type=\"theme-post-featured-image.default\">\n\t\t\t\t<div class=\"elementor-widget-container\">\n\t\t\t\t\t\t\t\t\t\t\t\t\t\t\t<img fetchpriority=\"high\" decoding=\"async\" width=\"1202\" height=\"627\" src=\"https:\/\/www.campeggiolafinoria.it\/wp-content\/uploads\/2024\/02\/campeggio-per-cani-e-gatti.jpg\" class=\"attachment-full size-full wp-image-386\" alt=\"\" srcset=\"https:\/\/www.campeggiolafinoria.it\/wp-content\/uploads\/2024\/02\/campeggio-per-cani-e-gatti.jpg 1202w, https:\/\/www.campeggiolafinoria.it\/wp-content\/uploads\/2024\/02\/campeggio-per-cani-e-gatti-300x156.jpg 300w, https:\/\/www.campeggiolafinoria.it\/wp-content\/uploads\/2024\/02\/campeggio-per-cani-e-gatti-1024x534.jpg 1024w, https:\/\/www.campeggiolafinoria.it\/wp-content\/uploads\/2024\/02\/campeggio-per-cani-e-gatti-768x401.jpg 768w, https:\/\/www.campeggiolafinoria.it\/wp-content\/uploads\/2024\/02\/campeggio-per-cani-e-gatti-600x313.jpg 600w\" sizes=\"(max-width: 1202px) 100vw, 1202px\" \/>\t\t\t\t\t\t\t\t\t\t\t\t\t\t\t<\/div>\n\t\t\t\t<\/div>\n\t\t\t\t\t<\/div>\n\t\t\t\t<\/div>\n\t\t<div class=\"elementor-element elementor-element-1f25ec5b e-flex e-con-boxed e-con e-parent\" data-id=\"1f25ec5b\" data-element_type=\"container\" data-e-type=\"container\">\n\t\t\t\t\t<div class=\"e-con-inner\">\n\t\t\t\t<div class=\"elementor-element elementor-element-357f879d elementor-widget elementor-widget-text-editor\" data-id=\"357f879d\" data-element_type=\"widget\" data-e-type=\"widget\" data-widget_type=\"text-editor.default\">\n\t\t\t\t<div class=\"elementor-widget-container\">\n\t\t\t\t\t\t\t\t\t<h2>Der ideale Urlaub f\u00fcr Ihren Hund<\/h2>\n<p>Auf dem Campingplatz la Finoria sind Ihre vierbeinigen Freunde herzlich willkommen.<br \/>Schon beim Einchecken erwartet Ihr Haustier, das oft m\u00fcde und gestresst von der Reise ist, eine Schale mit frischem Wasser und ein Snack.<\/p>\n<p><span style=\"text-align: var(--text-align);\"> <\/span><\/p>\n<p><span style=\"text-align: var(--text-align);\">Hunde, Katzen &amp; Co. sind nicht nur das ganze Jahr \u00fcber willkommen, sondern auch in unserem Restaurant. Dar\u00fcber hinaus haben wir einige Chalets mit eingez\u00e4unten Au\u00dfenbereichen ausgestattet, in denen Ihr Hund in der N\u00e4he der Familie bleiben kann und seinen eigenen Platz hat.<\/span><\/p>\n<\/p>\n<p>In der N\u00e4he des Pools k\u00f6nnen andere Gehege es bequem unterbringen, auch wenn Sie baden oder ein Sonnenbad nehmen, ohne andere G\u00e4ste zu st\u00f6ren.<\/p>\n<\/p>\n<p>Neben den Sanit\u00e4ranlagen auf dem Campingplatz wurde ein Duschraum eingerichtet. Und schlie\u00dflich haben wir auch an die Fitness Ihrer Freunde gedacht, indem wir f\u00fcr sie einen eigenen Bereich zum Spazierengehen eingerichtet haben.<\/p>\n<p>Und das alles, ohne eine zus\u00e4tzliche Tagesgeb\u00fchr zu erheben, weder f\u00fcr den Eintritt noch f\u00fcr die angebotenen Dienstleistungen (Dusche, Laufbereich, Gehege usw.).<\/p><\/p>\n\t\t\t\t\t\t\t\t<\/div>\n\t\t\t\t<\/div>\n\t\t\t\t\t<\/div>\n\t\t\t\t<\/div>\n\t\t<div class=\"elementor-element elementor-element-5d4a2da e-flex e-con-boxed e-con e-parent\" data-id=\"5d4a2da\" data-element_type=\"container\" data-e-type=\"container\">\n\t\t\t\t\t<div class=\"e-con-inner\">\n\t\t\t\t<div class=\"elementor-element elementor-element-327e5f8 elementor-widget elementor-widget-spacer\" data-id=\"327e5f8\" data-element_type=\"widget\" data-e-type=\"widget\" data-widget_type=\"spacer.default\">\n\t\t\t\t<div class=\"elementor-widget-container\">\n\t\t\t\t\t\t\t<div class=\"elementor-spacer\">\n\t\t\t<div class=\"elementor-spacer-inner\"><\/div>\n\t\t<\/div>\n\t\t\t\t\t\t<\/div>\n\t\t\t\t<\/div>\n\t\t\t\t\t<\/div>\n\t\t\t\t<\/div>\n\t\t\t\t<\/div>\n\t\t","protected":false},"excerpt":{"rendered":"<p>Vierbeinige Freunde Der ideale Urlaub f\u00fcr Ihren Hund Auf dem Campingplatz la Finoria sind Ihre vierbeinigen Freunde herzlich willkommen.Schon beim Einchecken erwartet Ihr Haustier, das oft m\u00fcde und gestresst von der Reise ist, eine Schale mit frischem Wasser und ein Snack. Hunde, Katzen &amp; Co. sind nicht nur das ganze Jahr \u00fcber willkommen, sondern auch [&hellip;]<\/p>\n","protected":false},"author":1,"featured_media":386,"parent":0,"menu_order":0,"comment_status":"closed","ping_status":"closed","template":"","meta":{"footnotes":""},"class_list":["post-436","page","type-page","status-publish","has-post-thumbnail","hentry"],"_links":{"self":[{"href":"https:\/\/www.campeggiolafinoria.it\/de\/wp-json\/wp\/v2\/pages\/436","targetHints":{"allow":["GET"]}}],"collection":[{"href":"https:\/\/www.campeggiolafinoria.it\/de\/wp-json\/wp\/v2\/pages"}],"about":[{"href":"https:\/\/www.campeggiolafinoria.it\/de\/wp-json\/wp\/v2\/types\/page"}],"author":[{"embeddable":true,"href":"https:\/\/www.campeggiolafinoria.it\/de\/wp-json\/wp\/v2\/users\/1"}],"replies":[{"embeddable":true,"href":"https:\/\/www.campeggiolafinoria.it\/de\/wp-json\/wp\/v2\/comments?post=436"}],"version-history":[{"count":2,"href":"https:\/\/www.campeggiolafinoria.it\/de\/wp-json\/wp\/v2\/pages\/436\/revisions"}],"predecessor-version":[{"id":442,"href":"https:\/\/www.campeggiolafinoria.it\/de\/wp-json\/wp\/v2\/pages\/436\/revisions\/442"}],"wp:featuredmedia":[{"embeddable":true,"href":"https:\/\/www.campeggiolafinoria.it\/de\/wp-json\/wp\/v2\/media\/386"}],"wp:attachment":[{"href":"https:\/\/www.campeggiolafinoria.it\/de\/wp-json\/wp\/v2\/media?parent=436"}],"curies":[{"name":"wp","href":"https:\/\/api.w.org\/{rel}","templated":true}]}}