{"id":409,"date":"2024-02-08T08:32:37","date_gmt":"2024-02-08T08:32:37","guid":{"rendered":"https:\/\/www.campeggiolafinoria.it\/der-zeltplatz\/"},"modified":"2024-02-19T11:50:16","modified_gmt":"2024-02-19T11:50:16","slug":"der-zeltplatz","status":"publish","type":"page","link":"https:\/\/www.campeggiolafinoria.it\/de\/der-zeltplatz\/","title":{"rendered":"Der Zeltplatz"},"content":{"rendered":"\t\t<div data-elementor-type=\"wp-page\" data-elementor-id=\"409\" class=\"elementor elementor-409 elementor-17\" data-elementor-post-type=\"page\">\n\t\t\t\t<div class=\"elementor-element elementor-element-6f6d81f7 e-flex e-con-boxed e-con e-parent\" data-id=\"6f6d81f7\" data-element_type=\"container\" data-e-type=\"container\">\n\t\t\t\t\t<div class=\"e-con-inner\">\n\t\t\t\t<div class=\"elementor-element elementor-element-38c3c8e elementor-widget elementor-widget-text-editor\" data-id=\"38c3c8e\" data-element_type=\"widget\" data-e-type=\"widget\" data-widget_type=\"text-editor.default\">\n\t\t\t\t<div class=\"elementor-widget-container\">\n\t\t\t\t\t\t\t\t\t<p>In Gavorrano, in der toskanischen Maremma, eingebettet in den mediterranen Wald des Nationalparks Colline Metallifere, liegt der Campingplatz la Finoria mit Blick auf den Golf von Follonica, dessen Str\u00e4nde nur wenige Autominuten entfernt sind.&nbsp;<\/p>\n<p><\/p>\n<p>Ein echtes Eintauchen in die Natur, wie das &#8222;freie Campen&#8220; von fr\u00fcher, weit weg von der Hektik der st\u00e4dtischen Zentren, aber ohne auf Komfort zu verzichten. Stellpl\u00e4tze f\u00fcr Chalets und Zelte, Bar-Restaurant &#8211;<wbr>&nbsp;Pizzeria, Schwimmbad<\/wbr>.<wbr>&nbsp;<\/wbr><\/p>\n<p>Aktivit\u00e4ten im Freien. Entspannung, Ruhe und N\u00fcchternheit.&nbsp;<\/p>\n<p>Perfekt f\u00fcr den Urlaub Ihrer vierbeinigen Freunde.&nbsp;<\/p>\n<p>Hunde und Katzen sind bei uns willkommen.<\/p>\n\t\t\t\t\t\t\t\t<\/div>\n\t\t\t\t<\/div>\n\t\t\t\t\t<\/div>\n\t\t\t\t<\/div>\n\t\t<div class=\"elementor-element elementor-element-57c07a2 e-flex e-con-boxed e-con e-parent\" data-id=\"57c07a2\" data-element_type=\"container\" data-e-type=\"container\">\n\t\t\t\t\t<div class=\"e-con-inner\">\n\t\t\t\t<div class=\"elementor-element elementor-element-e3d5981 elementor-widget elementor-widget-spacer\" data-id=\"e3d5981\" data-element_type=\"widget\" data-e-type=\"widget\" data-widget_type=\"spacer.default\">\n\t\t\t\t<div class=\"elementor-widget-container\">\n\t\t\t\t\t\t\t<div class=\"elementor-spacer\">\n\t\t\t<div class=\"elementor-spacer-inner\"><\/div>\n\t\t<\/div>\n\t\t\t\t\t\t<\/div>\n\t\t\t\t<\/div>\n\t\t\t\t\t<\/div>\n\t\t\t\t<\/div>\n\t\t\t\t<\/div>\n\t\t","protected":false},"excerpt":{"rendered":"<p>In Gavorrano, in der toskanischen Maremma, eingebettet in den mediterranen Wald des Nationalparks Colline Metallifere, liegt der Campingplatz la Finoria mit Blick auf den Golf von Follonica, dessen Str\u00e4nde nur wenige Autominuten entfernt sind.&nbsp; Ein echtes Eintauchen in die Natur, wie das &#8222;freie Campen&#8220; von fr\u00fcher, weit weg von der Hektik der st\u00e4dtischen Zentren, aber [&hellip;]<\/p>\n","protected":false},"author":1,"featured_media":384,"parent":0,"menu_order":0,"comment_status":"closed","ping_status":"closed","template":"","meta":{"footnotes":""},"class_list":["post-409","page","type-page","status-publish","has-post-thumbnail","hentry"],"_links":{"self":[{"href":"https:\/\/www.campeggiolafinoria.it\/de\/wp-json\/wp\/v2\/pages\/409","targetHints":{"allow":["GET"]}}],"collection":[{"href":"https:\/\/www.campeggiolafinoria.it\/de\/wp-json\/wp\/v2\/pages"}],"about":[{"href":"https:\/\/www.campeggiolafinoria.it\/de\/wp-json\/wp\/v2\/types\/page"}],"author":[{"embeddable":true,"href":"https:\/\/www.campeggiolafinoria.it\/de\/wp-json\/wp\/v2\/users\/1"}],"replies":[{"embeddable":true,"href":"https:\/\/www.campeggiolafinoria.it\/de\/wp-json\/wp\/v2\/comments?post=409"}],"version-history":[{"count":2,"href":"https:\/\/www.campeggiolafinoria.it\/de\/wp-json\/wp\/v2\/pages\/409\/revisions"}],"predecessor-version":[{"id":422,"href":"https:\/\/www.campeggiolafinoria.it\/de\/wp-json\/wp\/v2\/pages\/409\/revisions\/422"}],"wp:featuredmedia":[{"embeddable":true,"href":"https:\/\/www.campeggiolafinoria.it\/de\/wp-json\/wp\/v2\/media\/384"}],"wp:attachment":[{"href":"https:\/\/www.campeggiolafinoria.it\/de\/wp-json\/wp\/v2\/media?parent=409"}],"curies":[{"name":"wp","href":"https:\/\/api.w.org\/{rel}","templated":true}]}}