{"id":406,"date":"2024-02-08T08:33:43","date_gmt":"2024-02-08T08:33:43","guid":{"rendered":"https:\/\/www.campeggiolafinoria.it\/werkstaetten\/"},"modified":"2024-02-19T11:50:15","modified_gmt":"2024-02-19T11:50:15","slug":"werkstaetten","status":"publish","type":"page","link":"https:\/\/www.campeggiolafinoria.it\/de\/werkstaetten\/","title":{"rendered":"Werkst\u00e4tten"},"content":{"rendered":"\t\t<div data-elementor-type=\"wp-page\" data-elementor-id=\"406\" class=\"elementor elementor-406 elementor-21\" data-elementor-post-type=\"page\">\n\t\t\t\t<div class=\"elementor-element elementor-element-e1663b7 e-flex e-con-boxed e-con e-parent\" data-id=\"e1663b7\" data-element_type=\"container\" data-e-type=\"container\">\n\t\t\t\t\t<div class=\"e-con-inner\">\n\t\t\t\t<div class=\"elementor-element elementor-element-a29fb9d elementor-widget elementor-widget-heading\" data-id=\"a29fb9d\" data-element_type=\"widget\" data-e-type=\"widget\" data-widget_type=\"heading.default\">\n\t\t\t\t<div class=\"elementor-widget-container\">\n\t\t\t\t\t<h1 class=\"elementor-heading-title elementor-size-default\">Werkst\u00e4tten<\/h1>\t\t\t\t<\/div>\n\t\t\t\t<\/div>\n\t\t\t\t\t<\/div>\n\t\t\t\t<\/div>\n\t\t<div class=\"elementor-element elementor-element-72d3dc66 e-flex e-con-boxed e-con e-parent\" data-id=\"72d3dc66\" data-element_type=\"container\" data-e-type=\"container\">\n\t\t\t\t\t<div class=\"e-con-inner\">\n\t\t\t\t<div class=\"elementor-element elementor-element-17245164 elementor-widget elementor-widget-text-editor\" data-id=\"17245164\" data-element_type=\"widget\" data-e-type=\"widget\" data-widget_type=\"text-editor.default\">\n\t\t\t\t<div class=\"elementor-widget-container\">\n\t\t\t\t\t\t\t\t\t<ul>\n<li><span class=\"ff2 cf3 fs28\"><b>Besuch des Bergwerks Ravi Marchi und Workshop zur Mineralogie und Gesteinserkennung<br \/><\/b><\/span><\/li>\n<\/ul>\n<ul>\n<li><span class=\"fs28 ff2 cf3\"><b>Workshop zur Erkennung von Wildorchideen im Metalliferous Hills Park<br \/><\/b><\/span><\/li>\n<\/ul>\n<ul>\n<li><span class=\"fs28 ff2 cf3\"><b>M\u00fcnzpr\u00e4gung auf der Burg<br \/><\/b><\/span><\/li>\n<\/ul>\n<ul>\n<li><span class=\"fs28 ff2 cf3\"><b>Antike Gusswerkstatt<br \/><\/b><\/span><\/li>\n<\/ul>\n<ul>\n<li><span class=\"fs28 ff2 cf3\"><b>Gef\u00fchrte Vogelbeobachtung<br \/><\/b><\/span><\/li>\n<\/ul>\n<p><span class=\"fs28 cf0 ff2\"><b><br \/><\/b><\/span><span class=\"cf3 fs28 ff2\">Verschiedene Arten praktischer Aktivit\u00e4ten f\u00fcr Erwachsene und Kinder. Das Merkmal der Union ist das Gebiet, seine Geschichte, seine nat\u00fcrliche Umgebung.<br \/><\/span><\/p>\n\t\t\t\t\t\t\t\t<\/div>\n\t\t\t\t<\/div>\n\t\t\t\t\t<\/div>\n\t\t\t\t<\/div>\n\t\t<div class=\"elementor-element elementor-element-a15a039 e-flex e-con-boxed e-con e-parent\" data-id=\"a15a039\" data-element_type=\"container\" data-e-type=\"container\">\n\t\t\t\t\t<div class=\"e-con-inner\">\n\t\t\t\t<div class=\"elementor-element elementor-element-20b4cbc elementor-widget elementor-widget-spacer\" data-id=\"20b4cbc\" data-element_type=\"widget\" data-e-type=\"widget\" data-widget_type=\"spacer.default\">\n\t\t\t\t<div class=\"elementor-widget-container\">\n\t\t\t\t\t\t\t<div class=\"elementor-spacer\">\n\t\t\t<div class=\"elementor-spacer-inner\"><\/div>\n\t\t<\/div>\n\t\t\t\t\t\t<\/div>\n\t\t\t\t<\/div>\n\t\t\t\t\t<\/div>\n\t\t\t\t<\/div>\n\t\t\t\t<\/div>\n\t\t","protected":false},"excerpt":{"rendered":"<p>Werkst\u00e4tten Besuch des Bergwerks Ravi Marchi und Workshop zur Mineralogie und Gesteinserkennung Workshop zur Erkennung von Wildorchideen im Metalliferous Hills Park M\u00fcnzpr\u00e4gung auf der Burg Antike Gusswerkstatt Gef\u00fchrte Vogelbeobachtung Verschiedene Arten praktischer Aktivit\u00e4ten f\u00fcr Erwachsene und Kinder. Das Merkmal der Union ist das Gebiet, seine Geschichte, seine nat\u00fcrliche Umgebung.<\/p>\n","protected":false},"author":1,"featured_media":0,"parent":0,"menu_order":0,"comment_status":"closed","ping_status":"closed","template":"","meta":{"footnotes":""},"class_list":["post-406","page","type-page","status-publish","hentry"],"_links":{"self":[{"href":"https:\/\/www.campeggiolafinoria.it\/de\/wp-json\/wp\/v2\/pages\/406","targetHints":{"allow":["GET"]}}],"collection":[{"href":"https:\/\/www.campeggiolafinoria.it\/de\/wp-json\/wp\/v2\/pages"}],"about":[{"href":"https:\/\/www.campeggiolafinoria.it\/de\/wp-json\/wp\/v2\/types\/page"}],"author":[{"embeddable":true,"href":"https:\/\/www.campeggiolafinoria.it\/de\/wp-json\/wp\/v2\/users\/1"}],"replies":[{"embeddable":true,"href":"https:\/\/www.campeggiolafinoria.it\/de\/wp-json\/wp\/v2\/comments?post=406"}],"version-history":[{"count":2,"href":"https:\/\/www.campeggiolafinoria.it\/de\/wp-json\/wp\/v2\/pages\/406\/revisions"}],"predecessor-version":[{"id":420,"href":"https:\/\/www.campeggiolafinoria.it\/de\/wp-json\/wp\/v2\/pages\/406\/revisions\/420"}],"wp:attachment":[{"href":"https:\/\/www.campeggiolafinoria.it\/de\/wp-json\/wp\/v2\/media?parent=406"}],"curies":[{"name":"wp","href":"https:\/\/api.w.org\/{rel}","templated":true}]}}